{"id":12389,"date":"2020-11-13T10:14:45","date_gmt":"2020-11-13T08:14:45","guid":{"rendered":"https:\/\/jonglezpublishing.com\/?post_type=product&#038;p=12389"},"modified":"2024-05-02T16:33:55","modified_gmt":"2024-05-02T13:33:55","slug":"berlino-insolita-e-segreta","status":"publish","type":"product","link":"https:\/\/jonglezpublishing.com\/it\/prodotto\/berlino-insolita-e-segreta\/","title":{"rendered":"BERLINO INSOLITA E SEGRETA"},"content":{"rendered":"<p>Un anfiteatro dove venivano sezionati gli animali, una duna di sabbia nascosta nel centro della citt\u00e0, il pi\u00f9 antico residuo del Muro di Berlino dimenticato a Pankow, l\u2019eccezionale interno di una chiesa espressionista, un edificio che \u00e8 una copia di Palazzo Farnese a Roma, i resti di un campo di accoglienza per le persone che si trasferivano dall\u2019Ovest all\u2019Est, un edificio in cemento armato di 12.000 tonnellate per misurare la solidit\u00e0 del terreno, una performance luminosa nella cappella di un cimitero, un capolavoro poco conosciuto dell\u2019architettura brutalista, la collina artificiale dalla quale il pioniere dell\u2019aviazione Otto Lilienthal fece i suoi primi tentativi di volo, una strada che chiude dalle 22 alle 6 del mattino per preservare l\u2019attivit\u00e0 dei castori&#8230;<\/p>\n<p>Lontano dalla folla e dai clich\u00e9 abituali, Berlino conserva tesori nascosti che rivela solo agli abitanti pi\u00f9 curiosi e ai viaggiatori che scelgono di abbandonare i sentieri pi\u00f9 battuti.<\/p>\n<p>Una guida indispensabile per chi pensa di conoscere bene Berlino o per coloro che volessero scoprire un altro volto \u2013 quello pi\u00f9 intrigante, nascosto e sorprendente \u2013 della citt\u00e0.<\/p>\n<p>&nbsp;<\/p>\n<p class=\"p1\"><span class=\"s1\"><b>Autori<\/b>: TOM WOLF, MANUEL ROY E ROBERTO SASSI<br \/>\n<\/span><span class=\"s1\"><b>ISBN<\/b>: 978-2-36195-374-4<\/span><br \/>\n<span class=\"s1\"><b>Prezzo<\/b>: \u20ac 19,95<br \/>\n<\/span><strong>Pagine<\/strong>: 448<br \/>\n<b>Formato<\/b>: 10.6 x 19 cm<br \/>\n<span class=\"s1\"><b>Contatto<\/b>:\u00a0<a href=\"mailto:valerio@edizionijonglez.com?subject=\"><span class=\"s2\">valerio@edizionijonglez.com<\/span><\/a><\/span><\/p>\n<p>&nbsp;<\/p>\n<div class=\"buttons_cont\">\n<div class=\"button_cont\" align=\"center\"><a class=\"gv_product_btn\" href=\"https:\/\/jonglezpublishing.com\/wp-content\/uploads\/2024\/05\/berlino-scaled.jpg\" target=\"_blank\" rel=\"noopener\">Scarica la copertina<\/a><\/div>\n<div class=\"button_cont\" align=\"center\"><a class=\"gv_product_btn\" href=\"https:\/\/jonglezpublishing.com\/wp-content\/uploads\/2024\/05\/PREVIEW_BERLIN_IT.pdf\" target=\"_blank\" rel=\"noopener\">Leggi il PDF<\/a><\/div>\n<div class=\"button_cont\" align=\"center\"><a class=\"gv_product_btn\" href=\"https:\/\/www.amazon.it\/Berlino-insolita-segreta-Wolf-Tom\/dp\/2361953749\/ref=sr_1_1?__mk_it_IT=%C3%85M%C3%85%C5%BD%C3%95%C3%91&amp;crid=1SKFVIC0RSO2L&amp;dib=eyJ2IjoiMSJ9.jJ4_RjodeeML0-QSkKCo68azIKJ_TobK2opGi255eXpcRXXq1tgTjaJbLp7PRzLRsEGviFj_rYYFWLCQnbFqnmAkqimDjYNVZEcSG5f3aKU._uumoP0yDP1GzWTMJT-j-tWmqKdFaahzFICdnXoZ3v8&amp;dib_tag=se&amp;keywords=BERLINO+INSOLITA+E+SEGRETA&amp;qid=1714656809&amp;s=books&amp;sprefix=berlino+insolita+e+segreta%2Cstripbooks%2C616&amp;sr=1-1\" target=\"_blank\" rel=\"noopener\">Compra online<\/a><\/div>\n<\/div>\n","protected":false},"excerpt":{"rendered":"<p>Un anfiteatro dove venivano sezionati gli animali, una duna di sabbia nascosta nel centro della citt\u00e0, il pi\u00f9 antico residuo<\/p>\n","protected":false},"featured_media":12395,"template":"","meta":[],"product_brand":[],"product_cat":[183,523,524,422],"product_tag":[],"class_list":{"0":"post-12389","1":"product","2":"type-product","3":"status-publish","4":"has-post-thumbnail","6":"product_cat-english-it","7":"product_cat-french-it","8":"product_cat-german-it","9":"product_cat-guide-insolite-e-segreta","11":"first","12":"instock","13":"shipping-taxable","14":"product-type-simple"},"aioseo_notices":[],"_links":{"self":[{"href":"https:\/\/jonglezpublishing.com\/it\/wp-json\/wp\/v2\/product\/12389","targetHints":{"allow":["GET"]}}],"collection":[{"href":"https:\/\/jonglezpublishing.com\/it\/wp-json\/wp\/v2\/product"}],"about":[{"href":"https:\/\/jonglezpublishing.com\/it\/wp-json\/wp\/v2\/types\/product"}],"wp:featuredmedia":[{"embeddable":true,"href":"https:\/\/jonglezpublishing.com\/it\/wp-json\/wp\/v2\/media\/12395"}],"wp:attachment":[{"href":"https:\/\/jonglezpublishing.com\/it\/wp-json\/wp\/v2\/media?parent=12389"}],"wp:term":[{"taxonomy":"product_brand","embeddable":true,"href":"https:\/\/jonglezpublishing.com\/it\/wp-json\/wp\/v2\/product_brand?post=12389"},{"taxonomy":"product_cat","embeddable":true,"href":"https:\/\/jonglezpublishing.com\/it\/wp-json\/wp\/v2\/product_cat?post=12389"},{"taxonomy":"product_tag","embeddable":true,"href":"https:\/\/jonglezpublishing.com\/it\/wp-json\/wp\/v2\/product_tag?post=12389"}],"curies":[{"name":"wp","href":"https:\/\/api.w.org\/{rel}","templated":true}]}}