{"id":1455,"date":"2019-03-04T16:34:21","date_gmt":"2019-03-04T14:34:21","guid":{"rendered":"https:\/\/jonglez.timeforcoffee.gr\/product\/milano-insolita-e-segreta\/"},"modified":"2023-03-02T16:34:39","modified_gmt":"2023-03-02T14:34:39","slug":"milano-insolita-e-segreta","status":"publish","type":"product","link":"https:\/\/jonglezpublishing.com\/it\/prodotto\/milano-insolita-e-segreta\/","title":{"rendered":"MILANO INSOLITA E SEGRETA"},"content":{"rendered":"<p>Scoprite una biblioteca quattrocentesca i cui affreschi sono ancora visibili e una chiusa progettata da Leonardo da Vinci, i bunker della Seconda guerra mondiale e le molte cripte nascoste. Visitate gli atelier di artisti e designer solitamente chiusi al pubblico, o alcune collezioni private eccezionali, come il museo dei cavalli a dondolo o lo studio di Achille Castiglioni. Ammirate l\u2019organo di Mozart, il Padiglione Reale alla Stazione Centrale o la statua medievale di una ragazza che si rade il pube in pubblico. Interpretate i misteriosi simboli nascosti per la citt\u00e0 e cercate i pugili scolpiti sul tetto del Duomo&#8230;<\/p>\n<p>Lontano dalle folle e dai clich\u00e9 abituali, Milano \u00e8 una citt\u00e0 che possiede uno dei pi\u00f9 importanti patrimoni culturali della Penisola. Tuttavia la citt\u00e0 rivela i suoi tesori nascosti solo ai milanesi pi\u00f9 curiosi o ai viaggiatori che hanno il coraggio di abbandonare i sentieri battuti.<\/p>\n<p>Una guida indispensabile per chi pensa di conoscere bene Milano o per coloro che vorrebbero scoprire un altro volto della citt\u00e0.<\/p>\n<p><b>AUTORE<\/b>: Massimo Polidoro<br \/>\n<b>PAGINE<\/b>: 400<br \/>\n<b>FORMAT0<\/b>: 10.5 x 19 cm<br \/>\n<b>ISBN<\/b>: 978-2-36195-551-9<br \/>\n<b>PREZZO<\/b>: \u20ac 19,95<br \/>\n<b>CONTATTO<\/b>: <a href=\"mailto:valerio@edizionijonglez.com\">valerio@edizionijonglez.com<\/a><\/p>\n<div class=\"buttons_cont\">\n<div class=\"button_cont\" align=\"center\"><a class=\"gv_product_btn\" href=\"https:\/\/jonglezpublishing.com\/wp-content\/uploads\/2019\/03\/Front-Cover-Milano_IT.jpg\" target=\"_blank\" rel=\"noopener\">Scarica la copertina<\/a><\/div>\n<div class=\"button_cont\" align=\"center\"><a class=\"gv_product_btn\" href=\"https:\/\/jonglezpublishing.com\/wp-content\/uploads\/2023\/03\/Preview_Milano_IT.pdf\" target=\"_blank\" rel=\"noopener\">Leggi il PDF<\/a><\/div>\n<div class=\"button_cont\" align=\"center\"><a class=\"gv_product_btn\" href=\"https:\/\/www.amazon.it\/Milano-insolita-segreta-Nuova-ediz\/dp\/2361955512\/ref=sr_1_1?__mk_it_IT=%C3%85M%C3%85%C5%BD%C3%95%C3%91&amp;keywords=milano+insolita+e+segreta&amp;qid=1677767543&amp;sr=8-1\" target=\"_blank\" rel=\"noopener\">Compra online<\/a><\/div>\n<\/div>\n","protected":false},"excerpt":{"rendered":"<p>Scoprite una biblioteca quattrocentesca i cui affreschi sono ancora visibili e una chiusa progettata da Leonardo da Vinci, i bunker<\/p>\n","protected":false},"featured_media":10842,"template":"","meta":[],"product_brand":[],"product_cat":[183,523,422,276,277],"product_tag":[185,186,188,190,212,191],"class_list":{"0":"post-1455","1":"product","2":"type-product","3":"status-publish","4":"has-post-thumbnail","6":"product_cat-english-it","7":"product_cat-french-it","8":"product_cat-guide-insolite-e-segreta","9":"product_cat-italian-it","10":"product_cat-spanish-it","11":"product_tag-jonglez-it","12":"product_tag-jonglez-publishing-it","13":"product_tag-secret-guides-it","14":"product_tag-secret-travel-guides-it","15":"product_tag-toscana-insolita-e-segreta","16":"product_tag-travel-guides-it","18":"first","19":"instock","20":"shipping-taxable","21":"product-type-simple"},"aioseo_notices":[],"_links":{"self":[{"href":"https:\/\/jonglezpublishing.com\/it\/wp-json\/wp\/v2\/product\/1455","targetHints":{"allow":["GET"]}}],"collection":[{"href":"https:\/\/jonglezpublishing.com\/it\/wp-json\/wp\/v2\/product"}],"about":[{"href":"https:\/\/jonglezpublishing.com\/it\/wp-json\/wp\/v2\/types\/product"}],"wp:featuredmedia":[{"embeddable":true,"href":"https:\/\/jonglezpublishing.com\/it\/wp-json\/wp\/v2\/media\/10842"}],"wp:attachment":[{"href":"https:\/\/jonglezpublishing.com\/it\/wp-json\/wp\/v2\/media?parent=1455"}],"wp:term":[{"taxonomy":"product_brand","embeddable":true,"href":"https:\/\/jonglezpublishing.com\/it\/wp-json\/wp\/v2\/product_brand?post=1455"},{"taxonomy":"product_cat","embeddable":true,"href":"https:\/\/jonglezpublishing.com\/it\/wp-json\/wp\/v2\/product_cat?post=1455"},{"taxonomy":"product_tag","embeddable":true,"href":"https:\/\/jonglezpublishing.com\/it\/wp-json\/wp\/v2\/product_tag?post=1455"}],"curies":[{"name":"wp","href":"https:\/\/api.w.org\/{rel}","templated":true}]}}