{"id":1460,"date":"2019-03-04T15:17:17","date_gmt":"2019-03-04T13:17:17","guid":{"rendered":"https:\/\/jonglez.timeforcoffee.gr\/product\/istanbul-insolita-e-segreta\/"},"modified":"2019-09-05T11:18:30","modified_gmt":"2019-09-05T08:18:30","slug":"istanbul-insolita-e-segreta","status":"publish","type":"product","link":"https:\/\/jonglezpublishing.com\/it\/prodotto\/istanbul-insolita-e-segreta\/","title":{"rendered":"ISTANBUL INSOLITA E SEGRETA"},"content":{"rendered":"<p>La tomba di un cavallo che \u00e8 diventata luogo di pellegrinaggio, un tappeto su cui era indicata la data della morte di Mustafa Kemal Atat\u00fcrk, alcuni frammenti della pietra nera della Mecca, il mantello del profeta Maometto che \u00e8 stato stirato maldestramente, un pugno di cenere calda che ha salvato l\u2019Impero Ottomano, una scultura a forma di cavolo in ricordo di sfide sportive nel giardino del palazzo Topkapi, sulle tracce di Basil Zaharoff, trafficante di armi che compare in Tintin e l\u2019orecchio spezzato, un superbo caf\u00e9 in una sinagoga, un edificio in stile Art Nouveau sconosciuto,\u00a0 una moschea che avverte in caso di terremoto, la testa di Dracula a Istanbul, i graffiti vichinghi a Santa Sofia\u2026<\/p>\n<p>Lontano dalle folle e dai soliti clich\u00e9, Istanbul custodisce tesori ben nascosti, che rivela solo ai suoi abitanti o ai viaggiatori che abbiano voglia di uscire dai sentieri pi\u00f9 battuti.<\/p>\n<p>Una guida indispensabile sia per chi pensa di conoscere gi\u00e0 bene Istanbul sia per coloro che vogliano scoprire i molti segreti di questa bellissima citt\u00e0.<\/p>\n<p>&nbsp;<\/p>\n<p><em>Nato a Istanbul, <strong>Emre \u00d6ktem<\/strong> \u00e8 professore di diritto internazionale all\u2019Universit\u00e0 Galatasaray della citt\u00e0. \u00c8 anche docente presso l\u2019universit\u00e0 di Friburgo (Svizzera) e l\u2019Accademia Militare turca. \u00c8 autore di numerosi articoli e saggi sui temi dei diritti umani, della libert\u00e0 religiosa, dei diritti delle minoranze, del diritto dei conflitti armati e sulla storia del diritto nell\u2019Impero Ottomano. \u00c8 inoltre molto attivo sul tema del dialogo interreligioso. \u00c8 stato consulente presso l\u2019Organizzazione per la Sicurezza e la Cooperazione in Europa, di tribunali turchi e nell\u2019ambito di arbitrati internazionali di investimento.<\/em><\/p>\n<p>&nbsp;<\/p>\n<p><b>AUTORE<\/b>: Emre \u00d6ktem<br \/>\n<b>PAGINE<\/b>: 288<br \/>\n<b>FORMATO<\/b>: 10.5 x 19 cm<br \/>\n<b>ISBN<\/b>: <span data-sheets-value=\"{&quot;1&quot;:2,&quot;2&quot;:&quot;978-2-36195-104-7 &quot;}\" data-sheets-userformat=\"{&quot;2&quot;:12865,&quot;3&quot;:{&quot;1&quot;:0},&quot;9&quot;:1,&quot;12&quot;:0,&quot;15&quot;:&quot;Cambria&quot;,&quot;16&quot;:11}\">978-2-36195-104-7 <\/span><br \/>\n<b>PREZZO<\/b>: 17,90 \u20ac<br \/>\n<b>CONTATTO<\/b>: <a href=\"mailto:valerio@edizionijonglez.com\">valerio@edizionijonglez.com<\/a><\/p>\n<div class=\"buttons_cont\">\n<div class=\"button_cont\" align=\"center\"><a class=\"gv_product_btn\" href=\"https:\/\/jonglezpublishing.com\/wp-content\/uploads\/2019\/03\/couvIstanbul_ITA.jpg\" target=\"_blank\" rel=\"noopener noreferrer\">Scarica la copertina<\/a><\/div>\n<div class=\"button_cont\" align=\"center\"><a class=\"gv_product_btn\" href=\"https:\/\/jonglezpublishing.com\/wp-content\/uploads\/2019\/03\/extrait-istanbul_Ita.pdf\" target=\"_blank\" rel=\"noopener noreferrer\">Leggi il PDF<\/a><\/div>\n<div class=\"button_cont\" align=\"center\"><a class=\"gv_product_btn\" href=\"https:\/\/www.amazon.it\/Istanbul-insolita-segreta-Aa-Vv\/dp\/2361951045\/ref=sr_1_1?__mk_it_IT=\u00c5M\u00c5\u017d\u00d5\u00d1&amp;keywords=istanbul+insolita+e+segreta&amp;qid=1567671278&amp;s=gateway&amp;sr=8-1\" target=\"_blank\" rel=\"noopener noreferrer\">Compra online<\/a><\/div>\n<\/div>\n","protected":false},"excerpt":{"rendered":"<p>La tomba di un cavallo che \u00e8 diventata luogo di pellegrinaggio, un tappeto su cui era indicata la data della<\/p>\n","protected":false},"featured_media":1372,"template":"","meta":[],"product_brand":[],"product_cat":[183,523,422,276,277],"product_tag":[185,186,188,190,191],"class_list":{"0":"post-1460","1":"product","2":"type-product","3":"status-publish","4":"has-post-thumbnail","6":"product_cat-english-it","7":"product_cat-french-it","8":"product_cat-guide-insolite-e-segreta","9":"product_cat-italian-it","10":"product_cat-spanish-it","11":"product_tag-jonglez-it","12":"product_tag-jonglez-publishing-it","13":"product_tag-secret-guides-it","14":"product_tag-secret-travel-guides-it","15":"product_tag-travel-guides-it","17":"first","18":"instock","19":"shipping-taxable","20":"product-type-simple"},"aioseo_notices":[],"_links":{"self":[{"href":"https:\/\/jonglezpublishing.com\/it\/wp-json\/wp\/v2\/product\/1460","targetHints":{"allow":["GET"]}}],"collection":[{"href":"https:\/\/jonglezpublishing.com\/it\/wp-json\/wp\/v2\/product"}],"about":[{"href":"https:\/\/jonglezpublishing.com\/it\/wp-json\/wp\/v2\/types\/product"}],"wp:featuredmedia":[{"embeddable":true,"href":"https:\/\/jonglezpublishing.com\/it\/wp-json\/wp\/v2\/media\/1372"}],"wp:attachment":[{"href":"https:\/\/jonglezpublishing.com\/it\/wp-json\/wp\/v2\/media?parent=1460"}],"wp:term":[{"taxonomy":"product_brand","embeddable":true,"href":"https:\/\/jonglezpublishing.com\/it\/wp-json\/wp\/v2\/product_brand?post=1460"},{"taxonomy":"product_cat","embeddable":true,"href":"https:\/\/jonglezpublishing.com\/it\/wp-json\/wp\/v2\/product_cat?post=1460"},{"taxonomy":"product_tag","embeddable":true,"href":"https:\/\/jonglezpublishing.com\/it\/wp-json\/wp\/v2\/product_tag?post=1460"}],"curies":[{"name":"wp","href":"https:\/\/api.w.org\/{rel}","templated":true}]}}