{"id":1461,"date":"2019-03-01T15:14:21","date_gmt":"2019-03-01T13:14:21","guid":{"rendered":"https:\/\/jonglez.timeforcoffee.gr\/product\/lisbona-insolita-e-segreta\/"},"modified":"2020-07-29T16:08:05","modified_gmt":"2020-07-29T13:08:05","slug":"lisbona-insolita-e-segreta","status":"publish","type":"product","link":"https:\/\/jonglezpublishing.com\/it\/prodotto\/lisbona-insolita-e-segreta\/","title":{"rendered":"LISBONA INSOLITA E SEGRETA"},"content":{"rendered":"<p>Perch\u00e9 sulla facciata della stazione del Rossio lo stemma del\u00a0Portogallo \u00e8 inclinato di 17\u00b0? Dove fu rappresentato per la\u00a0prima volta in Portogallo Il flauto magico e perch\u00e9 Mozart aveva\u00a0dedicato l\u2019opera al suo maestro Cagliostro? Che cos\u2019\u00e8 la teoria del\u00a0Quinto Impero portoghese di cui si ritrovano tante tracce nella\u00a0topografia cittadina? Dove si trovano i pi\u00f9 begli azulejos nascosti\u00a0della citt\u00e0? Come e perch\u00e9 la Lusitania \u00e8 diventata Portogallo\u00a0(Porto Graal), paese del mitico Graal? Perch\u00e9 il portale sud del\u00a0Mosteiro dos Jeronimos \u00e8 stato ideato secondo princ\u00ecpi cabalistici\u00a0ebraici? Quali simboli nasconde il polittico di San Vincenzo nel\u00a0museo di Arte Antica? Chi sono in realt\u00e0 i Sebastianisti che, come\u00a0i musulmani sciiti, aspettano il ritorno del re Don Sebastiano?\u00a0Sin dal Medioevo Lisbona \u00e8 stata un luogo prediletto per lo\u00a0sviluppo e la pratica delle teorie di re alchimisti, ministri massoni,\u00a0poeti occultisti, adepti dell\u2019ermetismo e delle conoscenze segrete\u00a0dei Templari, che, messi al bando nel XIV secolo dal resto\u00a0d\u2019Europa, si rifugiarono in Portogallo.<\/p>\n<p>Il celebre storico e filosofo Vitor Manuel Adri\u00e3o \u00e8 l\u2019erede, in\u00a0Portogallo, di questi saperi esoterici. Per la prima volta egli\u00a0svela in questa vera e propria guida iniziatica le sue incredibili\u00a0conoscenze e interpreta in maniera stupefacente gli arcani di una\u00a0citt\u00e0 destinata, secondo alcuni, a diventare la capitale spirituale\u00a0dell\u2019Europa. Una guida eccezionale.<\/p>\n<p>&nbsp;<\/p>\n<p><b>AUTORE<\/b>: Vitor Manuel Adri\u00e3o<br \/>\n<b>PAGINE<\/b>: 272<br \/>\n<b>FORMATO<\/b>: 10.5 x 19 cm<br \/>\n<b>ISBN<\/b>: <span data-sheets-value=\"{&quot;1&quot;:2,&quot;2&quot;:&quot;978-2-36195-221-1 &quot;}\" data-sheets-userformat=\"{&quot;2&quot;:12865,&quot;3&quot;:{&quot;1&quot;:0},&quot;9&quot;:1,&quot;12&quot;:0,&quot;15&quot;:&quot;Cambria&quot;,&quot;16&quot;:11}\">978-2-36195-221-1<br \/>\n<\/span><b>PREZZO<\/b>: 17,95 \u20ac<br \/>\n<b>CONTATTO<\/b>: <a href=\"mailto:valerio@edizionijonglez.com\">valerio@edizionijonglez.com<\/a><\/p>\n<div class=\"buttons_cont\">\n<div class=\"button_cont\" align=\"center\"><a class=\"gv_product_btn\" href=\"https:\/\/jonglezpublishing.com\/wp-content\/uploads\/2019\/03\/EXTRACT-LISBON_IT.pdf\" target=\"_blank\" rel=\"noopener noreferrer\">Leggi il PDF<\/a><\/div>\n<div class=\"button_cont\" align=\"center\"><a class=\"gv_product_btn\" href=\"https:\/\/www.amazon.it\/Lisbona-insolita-segreta-Manuel-Adri\u00e3o\/dp\/2361952211\/ref=sr_1_1?__mk_it_IT=\u00c5M\u00c5\u017d\u00d5\u00d1&amp;keywords=lisbona+insolita+e+segreta&amp;qid=1567673482&amp;s=gateway&amp;sr=8-1\" target=\"_blank\" rel=\"noopener noreferrer\">Compra online<\/a><\/div>\n<div class=\"button_cont\" align=\"center\"><a class=\"gv_product_btn\" href=\"https:\/\/jonglezpublishing.com\/wp-content\/uploads\/2019\/03\/COVER-LISBON-IT-1.jpg\" target=\"_blank\" rel=\"noopener noreferrer\">Scarica la copertina<\/a><\/div>\n<\/div>\n","protected":false},"excerpt":{"rendered":"<p>Perch\u00e9 sulla facciata della stazione del Rossio lo stemma del\u00a0Portogallo \u00e8 inclinato di 17\u00b0? Dove fu rappresentato per la\u00a0prima volta<\/p>\n","protected":false},"featured_media":8557,"template":"","meta":[],"product_brand":[],"product_cat":[183,523,524,422,276,277],"product_tag":[185,186,188,190,191],"class_list":{"0":"post-1461","1":"product","2":"type-product","3":"status-publish","4":"has-post-thumbnail","6":"product_cat-english-it","7":"product_cat-french-it","8":"product_cat-german-it","9":"product_cat-guide-insolite-e-segreta","10":"product_cat-italian-it","11":"product_cat-spanish-it","12":"product_tag-jonglez-it","13":"product_tag-jonglez-publishing-it","14":"product_tag-secret-guides-it","15":"product_tag-secret-travel-guides-it","16":"product_tag-travel-guides-it","18":"first","19":"instock","20":"shipping-taxable","21":"product-type-simple"},"aioseo_notices":[],"_links":{"self":[{"href":"https:\/\/jonglezpublishing.com\/it\/wp-json\/wp\/v2\/product\/1461","targetHints":{"allow":["GET"]}}],"collection":[{"href":"https:\/\/jonglezpublishing.com\/it\/wp-json\/wp\/v2\/product"}],"about":[{"href":"https:\/\/jonglezpublishing.com\/it\/wp-json\/wp\/v2\/types\/product"}],"wp:featuredmedia":[{"embeddable":true,"href":"https:\/\/jonglezpublishing.com\/it\/wp-json\/wp\/v2\/media\/8557"}],"wp:attachment":[{"href":"https:\/\/jonglezpublishing.com\/it\/wp-json\/wp\/v2\/media?parent=1461"}],"wp:term":[{"taxonomy":"product_brand","embeddable":true,"href":"https:\/\/jonglezpublishing.com\/it\/wp-json\/wp\/v2\/product_brand?post=1461"},{"taxonomy":"product_cat","embeddable":true,"href":"https:\/\/jonglezpublishing.com\/it\/wp-json\/wp\/v2\/product_cat?post=1461"},{"taxonomy":"product_tag","embeddable":true,"href":"https:\/\/jonglezpublishing.com\/it\/wp-json\/wp\/v2\/product_tag?post=1461"}],"curies":[{"name":"wp","href":"https:\/\/api.w.org\/{rel}","templated":true}]}}