{"id":1462,"date":"2019-03-04T13:24:01","date_gmt":"2019-03-04T11:24:01","guid":{"rendered":"https:\/\/jonglez.timeforcoffee.gr\/product\/madrid-insolita-e-segreta\/"},"modified":"2020-12-15T17:03:22","modified_gmt":"2020-12-15T15:03:22","slug":"madrid-insolita-e-segreta","status":"publish","type":"product","link":"https:\/\/jonglezpublishing.com\/it\/prodotto\/madrid-insolita-e-segreta\/","title":{"rendered":"MADRID INSOLITA E SEGRETA"},"content":{"rendered":"<p>Una torre che galleggia sull\u2019acqua, un pezzo di Luna a Madrid, il primo ponte pedonale in 3D del mondo, una chiesa Brutalista, una stazione di servizio che sembra uscire da un film di fantascienza, il tunnel sconosciuto di Bonaparte, una delle cisterne d\u2019acqua pi\u00f9 originali d\u2019Europa, la cappella pi\u00f9 alta del mondo, il re che fece di Madrid la capitale dall\u2019Armenia, l\u2019odore di mela dal corpo incorrotto della Beata Mariana de Jes\u00fas, dei simboli massonici nell\u2019Ateneo e nel Corridoio verde \u2026<\/p>\n<p>Lontano dalle solite folle e luoghi comuni, Madrid conserva tesori nascosti che rivela solo agli abitanti pi\u00f9 curiosi e ai turisti pronti ad uscire dai sentieri battuti.<\/p>\n<p>Una guida indispensabile per coloro che pensavano di conoscere bene Madrid e desiderano scoprire il volto nascosto della citt\u00e0.<\/p>\n<p>&nbsp;<\/p>\n<p style=\"text-align: center;\">*La guida ha vinto la <strong>medaglia di bronzo<\/strong> all&#8217;Independent Publisher Award negli Stati Uniti*<\/p>\n<p>&nbsp;<\/p>\n<p><b>AUTORI<\/b>:<span class=\"Apple-converted-space\">\u00a0 <\/span>Ver\u00f3nica Ram\u00edrez Muro &amp; Mario Utrilla<br \/>\n<b>PAGINE<\/b>: 336<br \/>\n<b>FORMATO<\/b>: 10.5 x 19 cm<br \/>\n<b>ISBN<\/b>: <span class=\"Apple-converted-space\"> <span data-sheets-value=\"{&quot;1&quot;:2,&quot;2&quot;:&quot;978-2-36195-256-3&quot;}\" data-sheets-userformat=\"{&quot;2&quot;:12867,&quot;3&quot;:{&quot;1&quot;:0},&quot;4&quot;:[null,2,16777215],&quot;9&quot;:1,&quot;12&quot;:0,&quot;15&quot;:&quot;Cambria&quot;,&quot;16&quot;:11}\">978-2-36195-256-3<\/span><\/span><br \/>\n<b>PREZZO<\/b>: 17,95 \u20ac<br \/>\n<b>CONTATTO<\/b>: <a href=\"mailto:valerio@edizionijonglez.com\">valerio@edizionijonglez.com<\/a><\/p>\n<p>&nbsp;<\/p>\n<div class=\"buttons_cont\">\n<div class=\"button_cont\" align=\"center\"><a class=\"gv_product_btn\" href=\"https:\/\/jonglezpublishing.com\/wp-content\/uploads\/2019\/03\/couv_madrid_ita.jpg\" target=\"_blank\" rel=\"noopener noreferrer\">Scarica la copertina<\/a><\/div>\n<div class=\"button_cont\" align=\"center\"><a class=\"gv_product_btn\" href=\"https:\/\/jonglezpublishing.com\/wp-content\/uploads\/2019\/03\/PREVIEW_MADRID_IT.pdf\" target=\"_blank\" rel=\"noopener noreferrer\">Leggi il PDF<\/a><\/div>\n<div class=\"button_cont\" align=\"center\"><a class=\"gv_product_btn\" href=\"https:\/\/www.amazon.it\/Madrid-insolita-segreta-Veronica-Ramirez\/dp\/2915807736\/ref=sr_1_1?__mk_it_IT=\u00c5M\u00c5\u017d\u00d5\u00d1&amp;keywords=madrid+insolita+e+segreta&amp;qid=1567672146&amp;s=gateway&amp;sr=8-1\" target=\"_blank\" rel=\"noopener noreferrer\">Compra online<\/a><\/div>\n<\/div>\n","protected":false},"excerpt":{"rendered":"<p>Una torre che galleggia sull\u2019acqua, un pezzo di Luna a Madrid, il primo ponte pedonale in 3D del mondo, una<\/p>\n","protected":false},"featured_media":1328,"template":"","meta":[],"product_brand":[],"product_cat":[183,523,422,277],"product_tag":[185,186,188,190,191],"class_list":{"0":"post-1462","1":"product","2":"type-product","3":"status-publish","4":"has-post-thumbnail","6":"product_cat-english-it","7":"product_cat-french-it","8":"product_cat-guide-insolite-e-segreta","9":"product_cat-spanish-it","10":"product_tag-jonglez-it","11":"product_tag-jonglez-publishing-it","12":"product_tag-secret-guides-it","13":"product_tag-secret-travel-guides-it","14":"product_tag-travel-guides-it","16":"first","17":"instock","18":"shipping-taxable","19":"product-type-simple"},"aioseo_notices":[],"_links":{"self":[{"href":"https:\/\/jonglezpublishing.com\/it\/wp-json\/wp\/v2\/product\/1462","targetHints":{"allow":["GET"]}}],"collection":[{"href":"https:\/\/jonglezpublishing.com\/it\/wp-json\/wp\/v2\/product"}],"about":[{"href":"https:\/\/jonglezpublishing.com\/it\/wp-json\/wp\/v2\/types\/product"}],"wp:featuredmedia":[{"embeddable":true,"href":"https:\/\/jonglezpublishing.com\/it\/wp-json\/wp\/v2\/media\/1328"}],"wp:attachment":[{"href":"https:\/\/jonglezpublishing.com\/it\/wp-json\/wp\/v2\/media?parent=1462"}],"wp:term":[{"taxonomy":"product_brand","embeddable":true,"href":"https:\/\/jonglezpublishing.com\/it\/wp-json\/wp\/v2\/product_brand?post=1462"},{"taxonomy":"product_cat","embeddable":true,"href":"https:\/\/jonglezpublishing.com\/it\/wp-json\/wp\/v2\/product_cat?post=1462"},{"taxonomy":"product_tag","embeddable":true,"href":"https:\/\/jonglezpublishing.com\/it\/wp-json\/wp\/v2\/product_tag?post=1462"}],"curies":[{"name":"wp","href":"https:\/\/api.w.org\/{rel}","templated":true}]}}