{"id":1465,"date":"2019-03-04T13:37:53","date_gmt":"2019-03-04T11:37:53","guid":{"rendered":"https:\/\/jonglez.timeforcoffee.gr\/product\/napoli-insolita-e-segreta\/"},"modified":"2022-11-20T19:00:31","modified_gmt":"2022-11-20T17:00:31","slug":"napoli-insolita-e-segreta","status":"publish","type":"product","link":"https:\/\/jonglezpublishing.com\/it\/prodotto\/napoli-insolita-e-segreta\/","title":{"rendered":"NAPOLI INSOLITA E SEGRETA"},"content":{"rendered":"<div>I resti di un acquedotto romano in un sotterraneo, un rarissimo e spettacolare esempio settecentesco di casino di caccia ancora esistente nell\u2019area urbana, il pi\u00f9 piccolo \u201cmuseo della tipografia\u201d del mondo, i depositi segreti del Museo archeologico nazionale, il forno dove fu cotta la prima pizza Margherita a Capodimonte, un teschio \u201ccon le orecchie\u201d, un antro dove si fondono i metalli, una mazzarella da non sfruculiare, il pi\u00f9 grande orto sociale urbano d\u2019Italia, uno spettacolare salone privato affrescato, una comunit\u00e0 di frati che dal 1976 vive in alcune vecchie carrozze ferroviarie, straordinarie biblioteche sconosciute anche ai napoletani, i resti di un\u2019antica casa chiusa, ipogei ellenistici unici al mondo, una Vespa da guerra con il cannone, collezioni private rare e di pregio, una torretta greca in un teatro, un singolarissimo orologio che misura l\u2019equazione del tempo, la scala di un palazzo interamente scavata nel tufo, una traversata in zattera a 20 metri sotto la citt\u00e0&#8230;<\/div>\n<div>Lontano dalla folla e dagli abituali clich\u00e9,\u00a0<span class=\"il\">Napoli<\/span>\u00a0conserva tesori nascosti che rivela solo ai suoi abitanti pi\u00f9 curiosi e ai viaggiatori che sanno abbandonare i soliti itinerari. Una guida per quanti credevano di conoscere bene\u00a0<span class=\"il\">Napoli<\/span>\u00a0o anche solo per chi desidera scoprirne il volto nascosto.<\/div>\n<p>&nbsp;<\/p>\n<p><b>AUTORE<\/b>: Valerio Ceva Grimaldi &amp; Maria Franchini<br \/>\n<b>PAGINE<\/b>: 430<br \/>\n<b>FORMATO<\/b>: 10.5 x 19 cm<br \/>\n<b>ISBN<\/b>:<span class=\"Apple-converted-space\">\u00a0 <span data-sheets-value=\"{&quot;1&quot;:2,&quot;2&quot;:&quot;978-2-36195-209-9 &quot;}\" data-sheets-userformat=\"{&quot;2&quot;:12865,&quot;3&quot;:{&quot;1&quot;:0},&quot;9&quot;:1,&quot;12&quot;:0,&quot;15&quot;:&quot;Cambria&quot;,&quot;16&quot;:11}\">978-2-36195-522-9 <\/span><\/span><br \/>\n<b>PREZZO<\/b>: 19,95 \u20ac<br \/>\n<b>CONTATTO<\/b>: <a href=\"mailto:valerio@edizionijonglez.com\">valerio@edizionijonglez.com<\/a><\/p>\n<div class=\"buttons_cont\">\n<div class=\"button_cont\" align=\"center\"><a class=\"gv_product_btn\" href=\"https:\/\/jonglezpublishing.com\/wp-content\/uploads\/2019\/03\/Front-Cover-NAPOLI.jpg\" target=\"_blank\" rel=\"noopener\">Scarica la copertina<\/a><\/div>\n<div class=\"button_cont\" align=\"center\"><a class=\"gv_product_btn\" href=\"https:\/\/jonglezpublishing.com\/wp-content\/uploads\/2022\/11\/Preview-Napoli.pdf\" target=\"_blank\" rel=\"noopener\">Leggi il PDF<\/a><\/div>\n<div class=\"button_cont\" align=\"center\"><a class=\"gv_product_btn\" href=\"https:\/\/www.amazon.it\/Napoli-insolita-segreta-Valerio-Grimaldi\/dp\/2361952092\/ref=sr_1_1?__mk_it_IT=\u00c5M\u00c5\u017d\u00d5\u00d1&amp;keywords=napoli+insolita+e+segreta&amp;qid=1567672033&amp;s=gateway&amp;sr=8-1\" target=\"_blank\" rel=\"noopener noreferrer\">Compra online<\/a><\/div>\n<\/div>\n","protected":false},"excerpt":{"rendered":"<p>I resti di un acquedotto romano in un sotterraneo, un rarissimo e spettacolare esempio settecentesco di casino di caccia ancora<\/p>\n","protected":false},"featured_media":10438,"template":"","meta":[],"product_brand":[],"product_cat":[183,523,422,276],"product_tag":[211,185,186,188,190,212,191],"class_list":{"0":"post-1465","1":"product","2":"type-product","3":"status-publish","4":"has-post-thumbnail","6":"product_cat-english-it","7":"product_cat-french-it","8":"product_cat-guide-insolite-e-segreta","9":"product_cat-italian-it","10":"product_tag-italy-it","11":"product_tag-jonglez-it","12":"product_tag-jonglez-publishing-it","13":"product_tag-secret-guides-it","14":"product_tag-secret-travel-guides-it","15":"product_tag-toscana-insolita-e-segreta","16":"product_tag-travel-guides-it","18":"first","19":"instock","20":"shipping-taxable","21":"product-type-simple"},"aioseo_notices":[],"_links":{"self":[{"href":"https:\/\/jonglezpublishing.com\/it\/wp-json\/wp\/v2\/product\/1465","targetHints":{"allow":["GET"]}}],"collection":[{"href":"https:\/\/jonglezpublishing.com\/it\/wp-json\/wp\/v2\/product"}],"about":[{"href":"https:\/\/jonglezpublishing.com\/it\/wp-json\/wp\/v2\/types\/product"}],"wp:featuredmedia":[{"embeddable":true,"href":"https:\/\/jonglezpublishing.com\/it\/wp-json\/wp\/v2\/media\/10438"}],"wp:attachment":[{"href":"https:\/\/jonglezpublishing.com\/it\/wp-json\/wp\/v2\/media?parent=1465"}],"wp:term":[{"taxonomy":"product_brand","embeddable":true,"href":"https:\/\/jonglezpublishing.com\/it\/wp-json\/wp\/v2\/product_brand?post=1465"},{"taxonomy":"product_cat","embeddable":true,"href":"https:\/\/jonglezpublishing.com\/it\/wp-json\/wp\/v2\/product_cat?post=1465"},{"taxonomy":"product_tag","embeddable":true,"href":"https:\/\/jonglezpublishing.com\/it\/wp-json\/wp\/v2\/product_tag?post=1465"}],"curies":[{"name":"wp","href":"https:\/\/api.w.org\/{rel}","templated":true}]}}