{"id":1472,"date":"2019-03-04T13:58:45","date_gmt":"2019-03-04T11:58:45","guid":{"rendered":"https:\/\/jonglez.timeforcoffee.gr\/product\/new-york-insolita-e-segreta\/"},"modified":"2019-09-05T11:25:41","modified_gmt":"2019-09-05T08:25:41","slug":"new-york-insolita-e-segreta","status":"publish","type":"product","link":"https:\/\/jonglezpublishing.com\/it\/prodotto\/new-york-insolita-e-segreta\/","title":{"rendered":"NEW YORK INSOLITA E SEGRETA"},"content":{"rendered":"<p>Ammirate un pilastro apocalittico in una chiesa, rilassatevi in un giardino segreto, scoprite la versione newyorkese della Sagrada Familia, visitate un tunnel segreto nella metropolitana, conoscete la storia dell&#8217;elefante fulminato, scoprite i fori dei proiettili sull&#8217;esterno della banca J.P. Morgan, osservate le stelle con un telescopio dell&#8217;Universit\u00e0, ritrovate una statua di Lenin, fate volare la vostra gonna nello stresso luogo dove lo fece Marilyn Monroe, visitate una stanza piena di fango, scoprite un gigantesco palazzo veneziano costruito sopra una vecchia stalla, visitate un&#8217;isola la cui indipendenza fu proclamata da un canotto nel 2004, scoprite il &#8220;maiale&#8221; della cattedrale di St-Patrick, giocate a scarabeo con i segnali indicatori del Queens, scoprite dove \u00e8 conservato l&#8217;ultimo dente di Washington, trovate la casa che ha un accesso diretto alla metropolitana, osservate la targa di un avvenimento accaduto in un&#8217;altra dimensione, fate benedire la vostra bicicletta o il vostro elefante&#8230;<\/p>\n<p>Lontano dalle folle e dai soliti clich\u00e9, New York custodisce tesori ben nascosti, che rivela solo ai suoi abitanti o ai viaggiatori che abbiano voglia di uscire dai sentieri pi\u00f9 battuti.<\/p>\n<p>Una guida indispensabile sia per chi pensa di conoscere gi\u00e0 bene New York sia per chi vuole scoprire i molti segreti di questa magnifica citt\u00e0.<\/p>\n<p>&nbsp;<\/p>\n<p>*<em>New York insolita e segreta<\/em> ha ricevuto la <strong>Menzione d&#8217;onore<\/strong> nell&#8217;ambito del Premio dell&#8217;Associazione giornalisti di viaggio del Nordamerica (NATJA), edizione 2018*<\/p>\n<p>&nbsp;<\/p>\n<p><em><b>T.M. Rives<\/b> \u00e8 nato e cresciuto in California. Durante i suoi studi a Los Angeles, ha sentito il bisogno di ampliare la propria esperienza attraverso i viaggi; dopo aver completato gli studi in Francia, ha trascorso i successivi dodici anni in diversi paesi d\u2019Europa, pubblicando traduzioni e narrativa. Si \u00e8 quindi stabilito a New York, dove ha vissuto negli ultimi dieci anni, T.M. Rives continua a scrivere e fotografare, oltre a realizzare documentari sui viaggi e sull\u2019arte.<\/em><\/p>\n<p>&nbsp;<\/p>\n<p><b>AUTORI<\/b>: T.M. Rives<br \/>\n<b>PAGINE<\/b>: 432<br \/>\n<b>FORMATO<\/b>: 10.5 x 19 cm<br \/>\n<b>ISBN<\/b>: <span data-sheets-value=\"{&quot;1&quot;:2,&quot;2&quot;:&quot;978-2-36195-183-2&quot;}\" data-sheets-userformat=\"{&quot;2&quot;:12865,&quot;3&quot;:{&quot;1&quot;:0},&quot;9&quot;:1,&quot;12&quot;:0,&quot;15&quot;:&quot;Cambria&quot;,&quot;16&quot;:11}\">978-2-36195-183-2<\/span><br \/>\n<b>PREZZO<\/b>: 18,95 \u20ac<br \/>\n<b>CONTATTO<\/b>: <a href=\"mailto:valerio@edizionijonglez.com\">valerio@edizionijonglez.com<\/a><\/p>\n<div class=\"buttons_cont\">\n<div class=\"button_cont\" align=\"center\"><a class=\"gv_product_btn\" href=\"https:\/\/jonglezpublishing.com\/wp-content\/uploads\/2019\/03\/couv_NY_IT.jpg\" target=\"_blank\" rel=\"noopener noreferrer\">Scarica la copertina<\/a><\/div>\n<div class=\"button_cont\" align=\"center\"><a class=\"gv_product_btn\" href=\"https:\/\/jonglezpublishing.com\/wp-content\/uploads\/2019\/03\/extrait_NY_IT.pdf\" target=\"_blank\" rel=\"noopener noreferrer\">Leggi il PDF<\/a><\/div>\n<div class=\"button_cont\" align=\"center\"><a class=\"gv_product_btn\" href=\"https:\/\/www.amazon.it\/York-insolita-segreta-T-M-Rives\/dp\/2361951835\/ref=sr_1_1?__mk_it_IT=\u00c5M\u00c5\u017d\u00d5\u00d1&amp;keywords=new+york+insolita+e+segreta&amp;qid=1567671877&amp;s=gateway&amp;sr=8-1\" target=\"_blank\" rel=\"noopener noreferrer\">Compra online<\/a><\/div>\n<\/div>\n","protected":false},"excerpt":{"rendered":"<p>Ammirate un pilastro apocalittico in una chiesa, rilassatevi in un giardino segreto, scoprite la versione newyorkese della Sagrada Familia, visitate<\/p>\n","protected":false},"featured_media":1344,"template":"","meta":[],"product_brand":[],"product_cat":[183,523,422,276,277],"product_tag":[185,186,187,188,189,190,191],"class_list":{"0":"post-1472","1":"product","2":"type-product","3":"status-publish","4":"has-post-thumbnail","6":"product_cat-english-it","7":"product_cat-french-it","8":"product_cat-guide-insolite-e-segreta","9":"product_cat-italian-it","10":"product_cat-spanish-it","11":"product_tag-jonglez-it","12":"product_tag-jonglez-publishing-it","13":"product_tag-new-york-it","14":"product_tag-secret-guides-it","15":"product_tag-secret-new-york-it","16":"product_tag-secret-travel-guides-it","17":"product_tag-travel-guides-it","19":"first","20":"instock","21":"shipping-taxable","22":"product-type-simple"},"aioseo_notices":[],"_links":{"self":[{"href":"https:\/\/jonglezpublishing.com\/it\/wp-json\/wp\/v2\/product\/1472","targetHints":{"allow":["GET"]}}],"collection":[{"href":"https:\/\/jonglezpublishing.com\/it\/wp-json\/wp\/v2\/product"}],"about":[{"href":"https:\/\/jonglezpublishing.com\/it\/wp-json\/wp\/v2\/types\/product"}],"wp:featuredmedia":[{"embeddable":true,"href":"https:\/\/jonglezpublishing.com\/it\/wp-json\/wp\/v2\/media\/1344"}],"wp:attachment":[{"href":"https:\/\/jonglezpublishing.com\/it\/wp-json\/wp\/v2\/media?parent=1472"}],"wp:term":[{"taxonomy":"product_brand","embeddable":true,"href":"https:\/\/jonglezpublishing.com\/it\/wp-json\/wp\/v2\/product_brand?post=1472"},{"taxonomy":"product_cat","embeddable":true,"href":"https:\/\/jonglezpublishing.com\/it\/wp-json\/wp\/v2\/product_cat?post=1472"},{"taxonomy":"product_tag","embeddable":true,"href":"https:\/\/jonglezpublishing.com\/it\/wp-json\/wp\/v2\/product_tag?post=1472"}],"curies":[{"name":"wp","href":"https:\/\/api.w.org\/{rel}","templated":true}]}}