{"id":1485,"date":"2019-03-04T16:15:55","date_gmt":"2019-03-04T16:15:55","guid":{"rendered":"https:\/\/jonglez.timeforcoffee.gr\/product\/praga-insolita-e-segreta\/"},"modified":"2019-09-05T11:10:39","modified_gmt":"2019-09-05T08:10:39","slug":"praga-insolita-e-segreta","status":"publish","type":"product","link":"https:\/\/jonglezpublishing.com\/it\/prodotto\/praga-insolita-e-segreta\/","title":{"rendered":"PRAGA INSOLITA E SEGRETA"},"content":{"rendered":"<p>Un capolavoro dell&#8217;Art Nouveau completamente ignorato, i segreti degli alchimisti del Castello, il messaggio del palindromo nascosto sul Ponte Carlo, i misteri della Cabala ebraica del ghetto, la mano disidratata di un ladro in una chiesa, una statua dal ventre aperto e i visceri in vista, il pi\u00f9 grande tunnel aerodinamico della Repubblica Ceca, un frammento della grande piramide d&#8217;Egitto in un cimitero per cani, le lancette di un orologio che girano all&#8217;incontrario, una casa-museo dipinta di blu per le necessit\u00e0 del proprietario musicista quasi cieco&#8230;<\/p>\n<p>Citt\u00e0 imperdibile per gli appassionati di architettura, dal Barocco all&#8217;Art Nouveau, passando per il cubismo, capitale europea dell&#8217;alchimia e dell&#8217;esoterismo nel XVII secolo, Praga \u00e8 una delle citt\u00e0 del mondo che conta il maggior numero di meraviglie nascoste.<\/p>\n<p>Storico, filosofo, artista e specialista di fama mondiale della capitale ceca dove ha sempre vissuto, Martin Stejskal ci apre le porte di una delle citt\u00e0 pi\u00f9 segrete e affascinanti del mondo.<\/p>\n<p>Una guida per quanti pensavano di conoscere bene Praga o per quanti desiderano scoprirne il volto nascosto.<\/p>\n<p>&nbsp;<\/p>\n<p><b>AUTORE<\/b>: Martin Stejskal<br \/>\n<b>PAGINE<\/b>: 256<br \/>\n<b>FORMATO<\/b>: 10.5 x 19 cm<br \/>\n<b>ISBN<\/b>: <span data-sheets-value=\"{&quot;1&quot;:2,&quot;2&quot;:&quot;978-2-36195-030-9&quot;}\" data-sheets-userformat=\"{&quot;2&quot;:12864,&quot;9&quot;:1,&quot;12&quot;:0,&quot;15&quot;:&quot;Cambria&quot;,&quot;16&quot;:11}\">978-2-36195-030-9<\/span><br \/>\n<b>PREZZO<\/b>: 17,90 \u20ac<br \/>\n<b>CONTATTO<\/b>: <a href=\"mailto:valerio@edizionijonglez.com\">valerio@edizionijonglez.com<\/a><\/p>\n<div class=\"buttons_cont\">\n<div class=\"button_cont\" align=\"center\"><a class=\"gv_product_btn\" href=\"https:\/\/jonglezpublishing.com\/wp-content\/uploads\/2019\/03\/couv_prague_it.jpg\" target=\"_blank\" rel=\"noopener noreferrer\">Scarica la copertina<\/a><\/div>\n<div class=\"button_cont\" align=\"center\"><a class=\"gv_product_btn\" href=\"https:\/\/www.amazon.it\/Praga-insolita-segreta-Ediz-illustrata\/dp\/2361950308\/ref=sr_1_1?__mk_it_IT=\u00c5M\u00c5\u017d\u00d5\u00d1&amp;crid=1EFM9AY39LDJY&amp;keywords=praga+insolita+e+segreta&amp;qid=1567670998&amp;s=gateway&amp;sprefix=praga+insolita%2Caps%2C189&amp;sr=8-1\" target=\"_blank\" rel=\"noopener noreferrer\">Compra online<\/a><\/div>\n<\/div>\n","protected":false},"excerpt":{"rendered":"<p>Un capolavoro dell&#8217;Art Nouveau completamente ignorato, i segreti degli alchimisti del Castello, il messaggio del palindromo nascosto sul Ponte Carlo,<\/p>\n","protected":false},"featured_media":1388,"template":"","meta":[],"product_brand":[],"product_cat":[183,523,422,276,277],"product_tag":[185,186,188,190,191],"class_list":{"0":"post-1485","1":"product","2":"type-product","3":"status-publish","4":"has-post-thumbnail","6":"product_cat-english-it","7":"product_cat-french-it","8":"product_cat-guide-insolite-e-segreta","9":"product_cat-italian-it","10":"product_cat-spanish-it","11":"product_tag-jonglez-it","12":"product_tag-jonglez-publishing-it","13":"product_tag-secret-guides-it","14":"product_tag-secret-travel-guides-it","15":"product_tag-travel-guides-it","17":"first","18":"instock","19":"shipping-taxable","20":"product-type-simple"},"aioseo_notices":[],"_links":{"self":[{"href":"https:\/\/jonglezpublishing.com\/it\/wp-json\/wp\/v2\/product\/1485","targetHints":{"allow":["GET"]}}],"collection":[{"href":"https:\/\/jonglezpublishing.com\/it\/wp-json\/wp\/v2\/product"}],"about":[{"href":"https:\/\/jonglezpublishing.com\/it\/wp-json\/wp\/v2\/types\/product"}],"wp:featuredmedia":[{"embeddable":true,"href":"https:\/\/jonglezpublishing.com\/it\/wp-json\/wp\/v2\/media\/1388"}],"wp:attachment":[{"href":"https:\/\/jonglezpublishing.com\/it\/wp-json\/wp\/v2\/media?parent=1485"}],"wp:term":[{"taxonomy":"product_brand","embeddable":true,"href":"https:\/\/jonglezpublishing.com\/it\/wp-json\/wp\/v2\/product_brand?post=1485"},{"taxonomy":"product_cat","embeddable":true,"href":"https:\/\/jonglezpublishing.com\/it\/wp-json\/wp\/v2\/product_cat?post=1485"},{"taxonomy":"product_tag","embeddable":true,"href":"https:\/\/jonglezpublishing.com\/it\/wp-json\/wp\/v2\/product_tag?post=1485"}],"curies":[{"name":"wp","href":"https:\/\/api.w.org\/{rel}","templated":true}]}}