{"id":1665,"date":"2019-03-04T14:11:37","date_gmt":"2019-03-04T12:11:37","guid":{"rendered":"https:\/\/jonglez.timeforcoffee.gr\/product\/1665\/"},"modified":"2019-09-05T11:23:51","modified_gmt":"2019-09-05T08:23:51","slug":"1665","status":"publish","type":"product","link":"https:\/\/jonglezpublishing.com\/it\/prodotto\/1665\/","title":{"rendered":"TOKYO INSOLITA E SEGRETA"},"content":{"rendered":"<p>Un parco sopraelevato raggiungibile solo con l\u2019ascensore, una grande muraglia con funzione di barriera tagliafuoco, un canyon in piena citt\u00e0, una statua per guarire dalle verruche, dei bagni di ultra-design, un parco con sport unici al mondo, un albero straordinario che aiuta a smettere di fumare, un grande girasole elettronico, un magnifico tempio moderno nascosto nel cuore di Shinjuku, un sottopassaggio da brivido per i tassisti della citt\u00e0, un enorme edificio a forma di nave da guerra, fiumi nascosti&#8230;<\/p>\n<p>Lontano dalla folla e dei luoghi comuni, Tokyo alterna modernit\u00e0 e tradizione, conservando il suo patrimonio, tra estetismo raffinato ed eccentricit\u00e0, e offrendo un gran numero di esperienze insolite. La capitale \u00e8 ricca di tesori nascosti, che svela solo ai suoi abitanti o ai visitatori che vogliano uscire dai percorsi pi\u00f9 battuti.<\/p>\n<p>Una guida indispensabile per chi pensa di conoscere bene Tokyo o per coloro che vorrebbero scoprire un volto diverso della citt\u00e0.<\/p>\n<p>&nbsp;<\/p>\n<p><em>Nato in Francia nel 1976, <strong>Pierre Musti\u00e8re<\/strong> vive a Tokyo dal 1998. \u00c8 sposato con una giapponese, ma ama Tokyo pi\u00f9 di sua moglie. Appassionato della storia della citt\u00e0 e dei suoi angoli pi\u00f9 nascosti, durante i fine settimana esplora la capitale giapponese alla ricerca dei suoi luoghi segreti: un ponte dimenticato, una via oscura, un santuario o un giardino nascosto. Gli piace scoprire o riscoprire i molti angoli di questa metropoli, che oramai pensava di conoscere bene&#8230;<\/em><\/p>\n<p><em><b>Y<\/b><b>oko Kera <\/b>(\u826f \u66dc \u5b50 \u5b50) \u00e8 originaria dell\u2019isola di Sado, nel Mare del Giappone. Si \u00e8 trasferita della capitale per studiare presso la prestigiosa Universit\u00e0 di Tokyo (Sodai). \u00c8 pi\u00f9 interessata alle nuove tendenze e alle ultime influenze internazionali che al passato della citt\u00e0.<span class=\"Apple-converted-space\">\u00a0<\/span><\/em><\/p>\n<p><em>Yoko e Pierre sono sposati e hanno una figlia.<span class=\"Apple-converted-space\">\u00a0<\/span><\/em><\/p>\n<p>&nbsp;<\/p>\n<p><b>AUTORE<\/b>: Pierre Musti\u00e8re &amp; Yoko Kera<br \/>\n<b>PAGINE<\/b>: 304<br \/>\n<b>FORMATO<\/b>: 10.5 x 19 cm<br \/>\n<b>ISBN<\/b>: <span data-sheets-value=\"{&quot;1&quot;:2,&quot;2&quot;:&quot;978-2-36195-116-0\u00a0&quot;}\" data-sheets-userformat=\"{&quot;2&quot;:12865,&quot;3&quot;:{&quot;1&quot;:0},&quot;9&quot;:1,&quot;12&quot;:0,&quot;15&quot;:&quot;Cambria&quot;,&quot;16&quot;:11}\">978-2-36195-116-0\u00a0<\/span><br \/>\n<b>PREZZO<\/b>: \u20ac17,95<br \/>\n<b>CONTATTO<\/b>: <a href=\"mailto:valerio@edizionijonglez.com\">valerio@edizionijonglez.com<\/a><\/p>\n<div class=\"buttons_cont\">\n<div class=\"button_cont\" align=\"center\"><a class=\"gv_product_btn\" href=\"https:\/\/jonglezpublishing.com\/wp-content\/uploads\/2019\/03\/COVER-TOKYO-IT.jpg\" target=\"_blank\" rel=\"noopener noreferrer\">Scarica la copertina<\/a><\/div>\n<div class=\"button_cont\" align=\"center\"><a class=\"gv_product_btn\" href=\"https:\/\/jonglezpublishing.com\/wp-content\/uploads\/2019\/03\/Extract-Tokyo_IT.pdf\" target=\"_blank\" rel=\"noopener noreferrer\">Leggi il PDF<\/a><\/div>\n<div class=\"button_cont\" align=\"center\"><a class=\"gv_product_btn\" href=\"https:\/\/www.amazon.it\/Tokyo-insolita-segreta-Pierre-Musti\u00e8re\/dp\/2361951169\/ref=sr_1_1?__mk_it_IT=\u00c5M\u00c5\u017d\u00d5\u00d1&amp;keywords=tokyo+insolita+e+segreta&amp;qid=1567671802&amp;s=gateway&amp;sr=8-1\" target=\"_blank\" rel=\"noopener noreferrer\">Compra online<\/a><\/div>\n<\/div>\n","protected":false},"excerpt":{"rendered":"<p>Un parco sopraelevato raggiungibile solo con l\u2019ascensore, una grande muraglia con funzione di barriera tagliafuoco, un canyon in piena citt\u00e0,<\/p>\n","protected":false},"featured_media":1352,"template":"","meta":[],"product_brand":[],"product_cat":[183,523,422,276,277],"product_tag":[206,185,186,188,190,208,205,207,191],"class_list":{"0":"post-1665","1":"product","2":"type-product","3":"status-publish","4":"has-post-thumbnail","6":"product_cat-english-it","7":"product_cat-french-it","8":"product_cat-guide-insolite-e-segreta","9":"product_cat-italian-it","10":"product_cat-spanish-it","11":"product_tag-edizioni-jonglez-it","12":"product_tag-jonglez-it","13":"product_tag-jonglez-publishing-it","14":"product_tag-secret-guides-it","15":"product_tag-secret-travel-guides-it","16":"product_tag-tokyo-it-2","17":"product_tag-tokyo-it","18":"product_tag-tokyo-insolita-e-segreta","19":"product_tag-travel-guides-it","21":"first","22":"instock","23":"shipping-taxable","24":"product-type-simple"},"aioseo_notices":[],"_links":{"self":[{"href":"https:\/\/jonglezpublishing.com\/it\/wp-json\/wp\/v2\/product\/1665","targetHints":{"allow":["GET"]}}],"collection":[{"href":"https:\/\/jonglezpublishing.com\/it\/wp-json\/wp\/v2\/product"}],"about":[{"href":"https:\/\/jonglezpublishing.com\/it\/wp-json\/wp\/v2\/types\/product"}],"wp:featuredmedia":[{"embeddable":true,"href":"https:\/\/jonglezpublishing.com\/it\/wp-json\/wp\/v2\/media\/1352"}],"wp:attachment":[{"href":"https:\/\/jonglezpublishing.com\/it\/wp-json\/wp\/v2\/media?parent=1665"}],"wp:term":[{"taxonomy":"product_brand","embeddable":true,"href":"https:\/\/jonglezpublishing.com\/it\/wp-json\/wp\/v2\/product_brand?post=1665"},{"taxonomy":"product_cat","embeddable":true,"href":"https:\/\/jonglezpublishing.com\/it\/wp-json\/wp\/v2\/product_cat?post=1665"},{"taxonomy":"product_tag","embeddable":true,"href":"https:\/\/jonglezpublishing.com\/it\/wp-json\/wp\/v2\/product_tag?post=1665"}],"curies":[{"name":"wp","href":"https:\/\/api.w.org\/{rel}","templated":true}]}}