{"id":1697,"date":"2019-03-04T14:17:51","date_gmt":"2019-03-04T14:17:51","guid":{"rendered":"https:\/\/jonglez.timeforcoffee.gr\/product\/toscana-insolita-e-segreta\/"},"modified":"2022-07-25T19:14:49","modified_gmt":"2022-07-25T16:14:49","slug":"toscana-insolita-e-segreta","status":"publish","type":"product","link":"https:\/\/jonglezpublishing.com\/it\/prodotto\/toscana-insolita-e-segreta\/","title":{"rendered":"TOSCANA INSOLITA E SEGRETA"},"content":{"rendered":"<div class=\"wpb-content-wrapper\"><p>[vc_row][vc_column][vc_column_text woodmart_inline=&#8221;no&#8221; text_larger=&#8221;no&#8221;]La quercia presso cui \u00e8 stato impiccato Pinocchio, Mussolini sulla vetrata di una chiesa del XV secolo, una scultura dimenticata di Leonardo da Vinci, un lussuoso hotel trasformato in bagno pubblico, un \u201cdistributore di latte\u201d del XVII secolo, una rana che beve vino, un fenomeno astronomico unico al mondo, le impronte dei denti di Santa Caterina su una scalinata di Siena, un\u2019ampolla col sangue di Cristo, il luogo in cui si conserva l\u2019anfora delle Nozze di Cana, uno straordinario an!teatro anatomico a Pistoia, la fontana della giovinezza della fata Morgana, una passeggiata insolita lungo la monorotaia del marmo\u2026<span class=\"Apple-converted-space\">\u00a0<\/span><\/p>\n<p>Lontano dalle folle e dai clich\u00e9 abituali, la Toscana conserva ancora tesori nascosti che \u00e8 pronta a svelare ai suoi abitanti e ai viaggiatori disposti ad abbandonare i sentieri battuti.<span class=\"Apple-converted-space\">\u00a0<\/span><\/p>\n<p>Una guida indispensabile per chi pensa di conoscere bene la Toscana o per coloro che desiderano scoprire il volto segreto della regione.<\/p>\n<p><a href=\"http:\/\/www.jacopodellatorre.com\"><strong><em>Jacopo Mauro<\/em><\/strong><\/a><em>, nomade d&#8217;Europa dai 18 anni. Dopo una carriera come cantante d&#8217;opera si \u00e8 poi specializzato nella ricerca dell&#8217;autenticit\u00e0 proprio dove questa ha pi\u00f9 difficolt\u00e0 ad affiorare: grandi eventi pubblici come il Palio di Siena, il Carnevale di Venezia e le corse dei tori di Pamplona. Tramite un&#8217;intricata, internazionale\u00a0rete di conoscenze personali riesce\u00a0a far vivere ai suoi clienti\u00a0queste esperienze secondo il motto &#8220;esserci, ma non nella folla&#8221;. \u00a0<a href=\"http:\/\/www.pamplonabullruntickets.com\">www.pamplonabullruntickets.com<\/a>\u00a0,\u00a0<a href=\"http:\/\/www.jdt-a-venezia.com\">www.jdt-a-venezia.com<\/a><\/em><\/p>\n<p><em><strong>Roberto Di Ferdinando<\/strong>: Nato a Viareggio nel 1971, laureato nel 1997 in Scienze Politiche (presso la &#8220;Cesare Alfieri&#8221; di Firenze), indirizzo Storico-Politico con tesi in Storia del Giornalismo con il Prof. Cosimo Ceccuti, dal titolo: &#8211; La Questione Federalista attraverso le pagine de &#8220;Il Ponte&#8221; di Piero Calamandrei -. Ho svolto il Corso Superiore di preparazione per la carriera diplomatica presso la Facolt\u00e0 di Scienze Politiche &#8220;Cesare Alfieri&#8221; di Firenze e Master di II livello in Content Design della Facolt\u00e0 di Ingegneria dell&#8217;Universit\u00e0 degli Studi di Firenze. Impiegato presso l&#8217;Universit\u00e0 degli Studi di Firenze, pubblicista dell&#8217;ordine dei Giornalisti della Toscana, collaboratore con propri articoli sulla storia di Firenze, della Toscana e militare. Curatore del sito Recinto Internazionale e di due blog: Curiosit\u00e0 di Firenze e Fotografie del Mondo. Dal 2013 Membro del Comitato Scientifico dell&#8217;Associazione Fiorentini nel Mondo. Inoltre Counselor Olistico \u2013 Specializzato in Tecniche di, Psicosomatica e Crescita Personale, dal 2016 Iscritto all\u2019Olocounseling.<\/em><\/p>\n<p><b>AUTORE<\/b>:<span class=\"Apple-converted-space\"> Jacopo Mauro &amp; Roberto di Ferdinando<br \/>\n<\/span><b>PAGINE<\/b>: 320<br \/>\n<b>FORMATO<\/b>: 10.5 x 19 cm<br \/>\n<b>ISBN<\/b>: 9782361955953<span class=\"Apple-converted-space\"><br \/>\n<\/span><b>PREZZO<\/b>: 17,95 \u20ac<br \/>\n<b>CONTATTO<\/b>:<span class=\"Apple-converted-space\">\u00a0 <\/span><a href=\"mailto:valerio@edizionijonglez.com\">valerio@edizionijonglez.com<\/a><\/p>\n<div class=\"buttons_cont\">\n<div class=\"button_cont\" align=\"center\"><a class=\"gv_product_btn\" href=\"https:\/\/jonglezpublishing.com\/wp-content\/uploads\/2019\/03\/toscana.jpg\" target=\"_blank\" rel=\"noopener noreferrer\">Scarica la copertina<\/a><\/div>\n<div class=\"button_cont\" align=\"center\"><a class=\"gv_product_btn\" href=\"https:\/\/jonglezpublishing.com\/wp-content\/uploads\/2022\/07\/Extrait_Toscane_IT-1.pdf\" target=\"_blank\" rel=\"noopener noreferrer\">Leggi il PDF<\/a><\/div>\n<div class=\"button_cont\" align=\"center\"><a class=\"gv_product_btn\" href=\"https:\/\/www.amazon.it\/Toscana-insolita-segreta-Jacopo-Mauro\/dp\/2361951533\/ref=sr_1_1?__mk_it_IT=\u00c5M\u00c5\u017d\u00d5\u00d1&amp;keywords=toscane+insolita+e+segreta&amp;qid=1567671725&amp;s=gateway&amp;sr=8-1\" target=\"_blank\" rel=\"noopener noreferrer\">Compra online<\/a><\/div>\n<\/div>\n<p>[\/vc_column_text][\/vc_column][\/vc_row]<\/p>\n<\/div>","protected":false},"excerpt":{"rendered":"<p>[vc_row][vc_column][vc_column_text woodmart_inline=&#8221;no&#8221; text_larger=&#8221;no&#8221;]La quercia presso cui \u00e8 stato impiccato Pinocchio, Mussolini sulla vetrata di una chiesa del XV secolo, una<\/p>\n","protected":false},"featured_media":10225,"template":"","meta":[],"product_brand":[],"product_cat":[183,523,422,276],"product_tag":[213,211,185,186,188,214,212],"class_list":{"0":"post-1697","1":"product","2":"type-product","3":"status-publish","4":"has-post-thumbnail","6":"product_cat-english-it","7":"product_cat-french-it","8":"product_cat-guide-insolite-e-segreta","9":"product_cat-italian-it","10":"product_tag-edizioni-jonglez-it-2","11":"product_tag-italy-it","12":"product_tag-jonglez-it","13":"product_tag-jonglez-publishing-it","14":"product_tag-secret-guides-it","15":"product_tag-toscana","16":"product_tag-toscana-insolita-e-segreta","18":"first","19":"instock","20":"shipping-taxable","21":"product-type-simple"},"aioseo_notices":[],"_links":{"self":[{"href":"https:\/\/jonglezpublishing.com\/it\/wp-json\/wp\/v2\/product\/1697","targetHints":{"allow":["GET"]}}],"collection":[{"href":"https:\/\/jonglezpublishing.com\/it\/wp-json\/wp\/v2\/product"}],"about":[{"href":"https:\/\/jonglezpublishing.com\/it\/wp-json\/wp\/v2\/types\/product"}],"wp:featuredmedia":[{"embeddable":true,"href":"https:\/\/jonglezpublishing.com\/it\/wp-json\/wp\/v2\/media\/10225"}],"wp:attachment":[{"href":"https:\/\/jonglezpublishing.com\/it\/wp-json\/wp\/v2\/media?parent=1697"}],"wp:term":[{"taxonomy":"product_brand","embeddable":true,"href":"https:\/\/jonglezpublishing.com\/it\/wp-json\/wp\/v2\/product_brand?post=1697"},{"taxonomy":"product_cat","embeddable":true,"href":"https:\/\/jonglezpublishing.com\/it\/wp-json\/wp\/v2\/product_cat?post=1697"},{"taxonomy":"product_tag","embeddable":true,"href":"https:\/\/jonglezpublishing.com\/it\/wp-json\/wp\/v2\/product_tag?post=1697"}],"curies":[{"name":"wp","href":"https:\/\/api.w.org\/{rel}","templated":true}]}}