{"id":1745,"date":"2019-03-04T14:21:35","date_gmt":"2019-03-04T14:21:35","guid":{"rendered":"https:\/\/jonglez.timeforcoffee.gr\/product\/vienna-insolita-e-segreta\/"},"modified":"2019-09-05T11:20:51","modified_gmt":"2019-09-05T08:20:51","slug":"vienna-insolita-e-segreta","status":"publish","type":"product","link":"https:\/\/jonglezpublishing.com\/it\/prodotto\/vienna-insolita-e-segreta\/","title":{"rendered":"VIENNA INSOLITA E SEGRETA"},"content":{"rendered":"<p>Un magnifico palazzo privato che pu\u00f2 essere visitato su prenotazione, una mummia di coccodrillo in una biblioteca privata, una casa di cioccolato, un soffitto alchemico a Sch\u00f6nbrunn, una delle pi\u00f9 belle farmacie del mondo, un\u2019eccezionale chiesa in stile Art Nouveau, la tomba di un pesce che si sarebbe convertito all&#8217;ebraismo, un museo jazz nei bagni pubblici, una discarica pubblica che si pu\u00f2 visitare come se fosse un museo, il pi\u00f9 antico organo di Vienna nascosto dietro un dipinto, un&#8217;imperatrice in abito da monaca, il mistero del simbolo 05, un sesso maschile scolpito discretamente nella cattedrale di Vienna, un sorprendente museo privato del biliardo, un incredibile bouquet in cui ogni fiore \u00e8 in realt\u00e0 costituito da numerose ali di farfalle, una fonte d&#8217;acqua che permette di vedere per un minuto i numero del lotto, un sotterraneo collegato al campo di Mauthausen dove \u00e8 stato costruito il primo aereo a reazione al mondo, uno storico \u00abHotel dell\u2019amore\u00bb di grande fascino&#8230;<\/p>\n<p>Una guida indispensabile per chi pensava di conoscere Vienna o per coloro che desiderano scoprire l&#8217;altra faccia della citt\u00e0.<\/p>\n<p>&nbsp;<\/p>\n<p><em><b>Michaela Lindinger<\/b>, curatrice museale e autrice. Ha studiato scienze dei media e della comunicazione, scienze politiche, egittologia, preistoria e archeologia all&#8217;Universit\u00e0 di Vienna. Assistente curatrice del Wien Museum dal 1995, curatrice dal 2004. Mostre e pubblicazioni su vari temi biografici e sociali, ritratti, moda, morte e memoria.<\/em><\/p>\n<p>&nbsp;<\/p>\n<p><b>AUTORE<\/b>: Michaela Lindinger<br \/>\n<b>PAGINE<\/b>: 480<br \/>\n<b>FORMATO<\/b>: 10.5 x 19 cm<br \/>\n<b>ISBN<\/b>: <span data-sheets-value=\"{&quot;1&quot;:2,&quot;2&quot;:&quot;978-2-36195-212-9 &quot;}\" data-sheets-userformat=\"{&quot;2&quot;:12865,&quot;3&quot;:{&quot;1&quot;:0},&quot;9&quot;:1,&quot;12&quot;:0,&quot;15&quot;:&quot;Cambria&quot;,&quot;16&quot;:11}\">978-2-36195-212-9 <\/span><br \/>\n<b>PREZZO<\/b>: 19,95 \u20ac<br \/>\n<b>CONTATTO<\/b>: <a href=\"mailto:valerio@edizionijonglez.com\">valerio@edizionijonglez.com<\/a><\/p>\n<div class=\"buttons_cont\">\n<div class=\"button_cont\" align=\"center\"><a class=\"gv_product_btn\" href=\"https:\/\/jonglezpublishing.com\/wp-content\/uploads\/2019\/03\/couv_vienne_ITA.jpg\" target=\"_blank\" rel=\"noopener noreferrer\">Scarica la copertina<\/a><\/div>\n<div class=\"button_cont\" align=\"center\"><a class=\"gv_product_btn\" href=\"https:\/\/jonglezpublishing.com\/wp-content\/uploads\/2019\/03\/vienne_ita.pdf\" target=\"_blank\" rel=\"noopener noreferrer\">Leggi il PDF<\/a><\/div>\n<div class=\"button_cont\" align=\"center\"><a class=\"gv_product_btn\" href=\"https:\/\/www.amazon.it\/Vienna-insolita-segreta-Michaela-Lindinger\/dp\/2361952122\/ref=sr_1_1?__mk_it_IT=\u00c5M\u00c5\u017d\u00d5\u00d1&amp;keywords=vienna+insolita+e+segreta&amp;qid=1567671564&amp;s=gateway&amp;sr=8-1\" target=\"_blank\" rel=\"noopener noreferrer\">Compra online<\/a><\/div>\n<\/div>\n","protected":false},"excerpt":{"rendered":"<p>Un magnifico palazzo privato che pu\u00f2 essere visitato su prenotazione, una mummia di coccodrillo in una biblioteca privata, una casa<\/p>\n","protected":false},"featured_media":1360,"template":"","meta":[],"product_brand":[],"product_cat":[183,523,524,422,276,277],"product_tag":[185,186,188,190,191,217,218],"class_list":{"0":"post-1745","1":"product","2":"type-product","3":"status-publish","4":"has-post-thumbnail","6":"product_cat-english-it","7":"product_cat-french-it","8":"product_cat-german-it","9":"product_cat-guide-insolite-e-segreta","10":"product_cat-italian-it","11":"product_cat-spanish-it","12":"product_tag-jonglez-it","13":"product_tag-jonglez-publishing-it","14":"product_tag-secret-guides-it","15":"product_tag-secret-travel-guides-it","16":"product_tag-travel-guides-it","17":"product_tag-vienna-it","18":"product_tag-vienna-insolita-e-segreta","20":"first","21":"instock","22":"shipping-taxable","23":"product-type-simple"},"aioseo_notices":[],"_links":{"self":[{"href":"https:\/\/jonglezpublishing.com\/it\/wp-json\/wp\/v2\/product\/1745","targetHints":{"allow":["GET"]}}],"collection":[{"href":"https:\/\/jonglezpublishing.com\/it\/wp-json\/wp\/v2\/product"}],"about":[{"href":"https:\/\/jonglezpublishing.com\/it\/wp-json\/wp\/v2\/types\/product"}],"wp:featuredmedia":[{"embeddable":true,"href":"https:\/\/jonglezpublishing.com\/it\/wp-json\/wp\/v2\/media\/1360"}],"wp:attachment":[{"href":"https:\/\/jonglezpublishing.com\/it\/wp-json\/wp\/v2\/media?parent=1745"}],"wp:term":[{"taxonomy":"product_brand","embeddable":true,"href":"https:\/\/jonglezpublishing.com\/it\/wp-json\/wp\/v2\/product_brand?post=1745"},{"taxonomy":"product_cat","embeddable":true,"href":"https:\/\/jonglezpublishing.com\/it\/wp-json\/wp\/v2\/product_cat?post=1745"},{"taxonomy":"product_tag","embeddable":true,"href":"https:\/\/jonglezpublishing.com\/it\/wp-json\/wp\/v2\/product_tag?post=1745"}],"curies":[{"name":"wp","href":"https:\/\/api.w.org\/{rel}","templated":true}]}}