{"id":1770,"date":"2019-03-06T11:02:22","date_gmt":"2019-03-06T09:02:22","guid":{"rendered":"https:\/\/jonglez.timeforcoffee.gr\/?post_type=product&#038;p=1770"},"modified":"2019-09-05T11:04:27","modified_gmt":"2019-09-05T08:04:27","slug":"bergamo-insolita-e-segreta","status":"publish","type":"product","link":"https:\/\/jonglezpublishing.com\/it\/prodotto\/bergamo-insolita-e-segreta\/","title":{"rendered":"BERGAMO INSOLITA E SEGRETA"},"content":{"rendered":"<p>Scoprite il sarcofago di un cavaliere misterioso, le maschere\u00a0mortuarie dei camerieri a servizio dei nobili, la spada nella\u00a0roccia, sperimentate la pietra che guarisce il mal di schiena.\u00a0Ammirate un coccodrillo penzolante dalla navata di una\u00a0chiesa, il palazzo del postino del Papa, l\u2019opera di uno dei\u00a0dieci migliori street artist al mondo, scovate un rifugio\u00a0antiaereo sotto una pasticceria. Risolvete i rebus nei quadri del\u00a0Cinquecento, osservate uno scheletro conservato nell\u2019armadio\u00a0di un\u2019osteria, un uomo imprigionato nella roccia, l\u2019osso di un\u00a0cetaceo in una chiesa. Fate un viaggio notturno da brivido,\u00a0gettate uno sguardo sulle porte dei morti, sulla ghigliottina\u00a0di un santuario. E, ancora: fatevi sorprendere dal giocoliere\u00a0del cimitero, rinfrescatevi nel frigorifero naturale unico in\u00a0Europa, interpretate gli enigmatici simboli, i tagli sui muri, le\u00a0sigle sui palazzi, i ritratti delle facciate delle case, meravigliatevi\u00a0scoprendo la fontana dove si lavavano i neonati, lo stemma\u00a0con un bimbo divorato dal serpente.<\/p>\n<p>Lontano dalla folla e dai clich\u00e9 abituali, Bergamo conserva\u00a0tesori nascosti che rivela solo agli abitanti pi\u00f9 curiosi e ai\u00a0viaggiatori che scelgono di abbandonare i sentieri pi\u00f9 battuti.<\/p>\n<p>Una guida indispensabile per chi pensa di conoscere bene\u00a0Bergamo o per coloro che vorrebbero scoprire un altro volto\u00a0\u2013 quello pi\u00f9 intrigante, nascosto e sorprendente \u2013 della citt\u00e0.<\/p>\n<p>&nbsp;<\/p>\n<p><em><strong>Emanuele Roncalli<\/strong>, nato a Bergamo nel 1961, laureato in Giurisprudenza, \u00e8 giornalista e scrittore. Ha al suo attive svariate pubblicazioni in ambito storico e locale. Fra le sue pubblicazioni ricordiamo: &#8220;I Grandi di Bergamo&#8221; (1991-1993, 2 vol.), &#8220;I misteri di Bergamo&#8221; (1995-2000, 2 vol.) per Burgo Editore; &#8220;Bergamo Viaggio nelle memorie di uomini illustri&#8221;, Marzorati Editore (1990). Gi\u00e0 direttore editoriale della collana &#8220;Viaggi nella Storia&#8221; per Mattioli 1885, ha curato fra gli altri i volumi: &#8220;Castelli del mistero&#8221;, &#8220;I musei della Storia&#8221;, &#8220;Gli Etsuschi&#8221;. Di recente pubblicazione: &#8220;Le Citt\u00e0 della fiabe&#8221;, Morellini Editore; &#8220;Un&#8217;Isola da film &#8211; Cineturismo in Bergamasca&#8221; con prefazione di Ricky Tognazzi. Sposato con Arianna, ha una figlia, Caterina. Vive e lavora a Bergamo.\u00a0<\/em><\/p>\n<p>&nbsp;<\/p>\n<p><b>AUTORE<\/b>: Emanuele Roncalli<br \/>\n<b>PAGINE<\/b>: 256<br \/>\n<b>FORMAT0<\/b>: 10.5 x 19 cm<br \/>\n<b>ISBN<\/b>: 978-2-36195-255-6<br \/>\n<b>PREZZO<\/b>: 17,95 \u20ac<br \/>\n<b>CONTATTO<\/b>: <a href=\"mailto:valerio@edizionijonglez.com\">valerio@edizionijonglez.com<\/a><\/p>\n<div class=\"buttons_cont\">\n<div class=\"button_cont\" align=\"center\"><a class=\"gv_product_btn\" href=\"https:\/\/jonglezpublishing.com\/wp-content\/uploads\/2019\/03\/Couv-Bergamo.jpg\" target=\"_blank\" rel=\"noopener noreferrer\">Scarica la copertina<\/a><\/div>\n<div class=\"button_cont\" align=\"center\"><a class=\"gv_product_btn\" href=\"https:\/\/jonglezpublishing.com\/wp-content\/uploads\/2019\/03\/Extract-Bergamo.pdf\" target=\"_blank\" rel=\"noopener noreferrer\">Leggi il PDF<\/a><\/div>\n<div class=\"button_cont\" align=\"center\"><a class=\"gv_product_btn\" href=\"https:\/\/www.amazon.it\/Bergamo-insolita-segreta-Emanuele-Roncalli\/dp\/2361952556\/ref=sr_1_1?__mk_it_IT=\u00c5M\u00c5\u017d\u00d5\u00d1&amp;keywords=bergamo+insolita+e&amp;qid=1567670613&amp;s=gateway&amp;sr=8-1\" target=\"_blank\" rel=\"noopener noreferrer\">Compra online<\/a><\/div>\n<\/div>\n","protected":false},"excerpt":{"rendered":"<p>Scoprite il sarcofago di un cavaliere misterioso, le maschere\u00a0mortuarie dei camerieri a servizio dei nobili, la spada nella\u00a0roccia, sperimentate la<\/p>\n","protected":false},"featured_media":1771,"template":"","meta":[],"product_brand":[],"product_cat":[422],"product_tag":[220,221,204],"class_list":{"0":"post-1770","1":"product","2":"type-product","3":"status-publish","4":"has-post-thumbnail","6":"product_cat-guide-insolite-e-segreta","7":"product_tag-bergamo","8":"product_tag-bergamo-insolita-e-segreta","9":"product_tag-edizioni-jonglez","11":"first","12":"instock","13":"shipping-taxable","14":"product-type-simple"},"aioseo_notices":[],"_links":{"self":[{"href":"https:\/\/jonglezpublishing.com\/it\/wp-json\/wp\/v2\/product\/1770","targetHints":{"allow":["GET"]}}],"collection":[{"href":"https:\/\/jonglezpublishing.com\/it\/wp-json\/wp\/v2\/product"}],"about":[{"href":"https:\/\/jonglezpublishing.com\/it\/wp-json\/wp\/v2\/types\/product"}],"wp:featuredmedia":[{"embeddable":true,"href":"https:\/\/jonglezpublishing.com\/it\/wp-json\/wp\/v2\/media\/1771"}],"wp:attachment":[{"href":"https:\/\/jonglezpublishing.com\/it\/wp-json\/wp\/v2\/media?parent=1770"}],"wp:term":[{"taxonomy":"product_brand","embeddable":true,"href":"https:\/\/jonglezpublishing.com\/it\/wp-json\/wp\/v2\/product_brand?post=1770"},{"taxonomy":"product_cat","embeddable":true,"href":"https:\/\/jonglezpublishing.com\/it\/wp-json\/wp\/v2\/product_cat?post=1770"},{"taxonomy":"product_tag","embeddable":true,"href":"https:\/\/jonglezpublishing.com\/it\/wp-json\/wp\/v2\/product_tag?post=1770"}],"curies":[{"name":"wp","href":"https:\/\/api.w.org\/{rel}","templated":true}]}}