{"id":1796,"date":"2019-03-04T12:53:32","date_gmt":"2019-03-04T10:53:32","guid":{"rendered":"https:\/\/jonglez.timeforcoffee.gr\/product\/buenos-aires-insolita-e-segreta\/"},"modified":"2019-09-05T11:35:26","modified_gmt":"2019-09-05T08:35:26","slug":"buenos-aires-insolita-e-segreta","status":"publish","type":"product","link":"https:\/\/jonglezpublishing.com\/it\/prodotto\/buenos-aires-insolita-e-segreta\/","title":{"rendered":"BUENOS AIRES INSOLITA E SEGRETA"},"content":{"rendered":"<p>Una statua che denuncia la corruzione, un edificio progettato come un&#8217;allegoria della Divina Commedia, un bizzarro museo psichedelico, un monumento a un cane poliziotto, la camera di Garcia Lorca all&#8217;Hotel Castelar, i bagni di un bar dove &#8220;l&#8217;acustica era eccezionale&#8221;, quel che resta di un tentativo di colpo di Stato e una cupola degna di Gaudi&#8230;<\/p>\n<p>Lontano dalle folle e dai luoghi comuni, Buenos Aires custodisce tesori ben nascosti che rivela solo ai propri abitanti o ai viaggiatori curiosi che vogliano uscire dai percorsi pi\u00f9 battuti.<\/p>\n<p>Una guida per chi pensa di conoscere gi\u00e0 bene Buenos Aires e per coloro che vogliano scoprire i molti segreti di questa affascinante citt\u00e0.<\/p>\n<p>&nbsp;<\/p>\n<p><b>AUTORE<\/b>: Valeria Sampedro &amp; Hern\u00e1n Firpo<br \/>\n<b>PAGINE<\/b>: 272<br \/>\n<b>FORMAT0<\/b>: 10.5 x 19 cm<br \/>\n<b>ISBN<\/b>: <span data-sheets-value=\"{&quot;1&quot;:2,&quot;2&quot;:&quot;978-2-36195-141-2&quot;}\" data-sheets-userformat=\"{&quot;2&quot;:12864,&quot;9&quot;:1,&quot;12&quot;:0,&quot;15&quot;:&quot;Cambria&quot;,&quot;16&quot;:11}\">978-2-36195-141-2<\/span><br \/>\n<b>PREZZO<\/b>: 18,90 \u20ac<br \/>\n<b>CONTATTO<\/b>: <a href=\"mailto:valerio@edizionijonglez.com\">valerio@edizionijonglez.com<\/a><\/p>\n<div class=\"buttons_cont\">\n<div class=\"button_cont\" align=\"center\"><a class=\"gv_product_btn\" href=\"https:\/\/jonglezpublishing.com\/wp-content\/uploads\/2019\/03\/Buenos-Aires-insolita-e-segreta.jpg\" target=\"_blank\" rel=\"noopener noreferrer\">Scarica la copertina<\/a><\/div>\n<div class=\"button_cont\" align=\"center\"><a class=\"gv_product_btn\" href=\"https:\/\/jonglezpublishing.com\/wp-content\/uploads\/2019\/03\/Extrait-Buenos-Aires-IT.pdf\" target=\"_blank\" rel=\"noopener noreferrer\">Leggi il PDF<\/a><\/div>\n<div class=\"button_cont\" align=\"center\"><a class=\"gv_product_btn\" href=\"https:\/\/www.amazon.it\/Buenos-insolita-segreta-Valeria-Sampedro\/dp\/236195141X\/ref=sr_1_1?__mk_it_IT=\u00c5M\u00c5\u017d\u00d5\u00d1&amp;keywords=buenos+aires+insolita+e+segreta&amp;qid=1567672479&amp;s=gateway&amp;sr=8-1\" target=\"_blank\" rel=\"noopener noreferrer\">Compra online<\/a><\/div>\n<\/div>\n","protected":false},"excerpt":{"rendered":"<p>Una statua che denuncia la corruzione, un edificio progettato come un&#8217;allegoria della Divina Commedia, un bizzarro museo psichedelico, un monumento<\/p>\n","protected":false},"featured_media":1320,"template":"","meta":[],"product_brand":[],"product_cat":[183,523,422,276,277],"product_tag":[225,226,185,186,190,191],"class_list":{"0":"post-1796","1":"product","2":"type-product","3":"status-publish","4":"has-post-thumbnail","6":"product_cat-english-it","7":"product_cat-french-it","8":"product_cat-guide-insolite-e-segreta","9":"product_cat-italian-it","10":"product_cat-spanish-it","11":"product_tag-buenos-aires-it","12":"product_tag-buenos-aires-insolita","13":"product_tag-jonglez-it","14":"product_tag-jonglez-publishing-it","15":"product_tag-secret-travel-guides-it","16":"product_tag-travel-guides-it","18":"first","19":"instock","20":"shipping-taxable","21":"product-type-simple"},"aioseo_notices":[],"_links":{"self":[{"href":"https:\/\/jonglezpublishing.com\/it\/wp-json\/wp\/v2\/product\/1796","targetHints":{"allow":["GET"]}}],"collection":[{"href":"https:\/\/jonglezpublishing.com\/it\/wp-json\/wp\/v2\/product"}],"about":[{"href":"https:\/\/jonglezpublishing.com\/it\/wp-json\/wp\/v2\/types\/product"}],"wp:featuredmedia":[{"embeddable":true,"href":"https:\/\/jonglezpublishing.com\/it\/wp-json\/wp\/v2\/media\/1320"}],"wp:attachment":[{"href":"https:\/\/jonglezpublishing.com\/it\/wp-json\/wp\/v2\/media?parent=1796"}],"wp:term":[{"taxonomy":"product_brand","embeddable":true,"href":"https:\/\/jonglezpublishing.com\/it\/wp-json\/wp\/v2\/product_brand?post=1796"},{"taxonomy":"product_cat","embeddable":true,"href":"https:\/\/jonglezpublishing.com\/it\/wp-json\/wp\/v2\/product_cat?post=1796"},{"taxonomy":"product_tag","embeddable":true,"href":"https:\/\/jonglezpublishing.com\/it\/wp-json\/wp\/v2\/product_tag?post=1796"}],"curies":[{"name":"wp","href":"https:\/\/api.w.org\/{rel}","templated":true}]}}