{"id":6304,"date":"2019-04-06T00:40:27","date_gmt":"2019-05-07T14:33:48","guid":{"rendered":"https:\/\/jonglezpublishing.com\/?post_type=product&#038;p=6304"},"modified":"2019-09-05T11:00:35","modified_gmt":"2019-09-05T08:00:35","slug":"italia-abbandonata","status":"publish","type":"product","link":"https:\/\/jonglezpublishing.com\/it\/prodotto\/italia-abbandonata\/","title":{"rendered":"ITALIA ABBANDONATA"},"content":{"rendered":"<p>Scopri l&#8217;ex casino di caccia della Duchessa di Parma, uno spettacolare castello moresco abbandonato, i resti di studi cinematografici con la scena di un film di Pinocchio, un manicomio psichiatrico in disuso, una famosa ma ormai dimenticata discoteca in un finto castello medievale, le rovine di una villa sublime i cui affreschi sono stati conservati, un&#8217;immensa chiesa abbandonata\u2026<span class=\"Apple-converted-space\">\u00a0<\/span><\/p>\n<p>Robin Brinaert viaggia in giro per l&#8217;Italia da oltre otto anni alla ricerca di questi luoghi abbandonati, proibiti e dimenticati. L&#8217;autore evidenzia il destino a volte drammatico del nostro patrimonio &#8211; una seria riflessione sulla salvaguardia.<span class=\"Apple-converted-space\">\u00a0<\/span><\/p>\n<p>Un report fotografico eccezionale.<\/p>\n<p>&nbsp;<\/p>\n<p><b>AUTORE E FOTOGRAFO<\/b>: Robin Brinaert<br \/>\n<b>PAGINE<\/b>: 284<br \/>\n<b>FORMATO<\/b>: 10.5 x 19 cm<br \/>\n<b>ISBN<\/b>: 978-2-36195-273-0<br \/>\n<b>PREZZO<\/b>: \u20ac 39,95<span class=\"Apple-converted-space\"><br \/>\n<\/span><b>CONTATTO<\/b>: <a href=\"mailto:valerio@edizionijonglez.com?subject=\">valerio@edizionijonglez.com<\/a><\/p>\n<div class=\"buttons_cont\">\n<div class=\"button_cont\" align=\"center\"><a class=\"gv_product_btn\" href=\"https:\/\/jonglezpublishing.com\/wp-content\/uploads\/2019\/05\/italy_couvITA-copy.jpg\" target=\"_blank\" rel=\"noopener noreferrer\">Scarica la copertina<\/a><\/div>\n<div class=\"button_cont\" align=\"center\"><a class=\"gv_product_btn\" href=\"https:\/\/jonglezpublishing.com\/wp-content\/uploads\/2019\/04\/Preview-IT-italy.pdf\" target=\"_blank\" rel=\"noopener noreferrer\">Leggi il PDF<\/a><\/div>\n<div class=\"button_cont\" align=\"center\"><a class=\"gv_product_btn\" href=\"https:\/\/www.amazon.it\/Italia-abbandonata-Ediz-illustrata-Brinaert\/dp\/2361952734\/ref=sr_1_1?__mk_it_IT=\u00c5M\u00c5\u017d\u00d5\u00d1&amp;crid=2VF0EI49N4IE&amp;keywords=italia+abbandonata&amp;qid=1567670340&amp;s=gateway&amp;sprefix=italia+abandonata%2Caps%2C193&amp;sr=8-1\" target=\"_blank\" rel=\"noopener noreferrer\">Compra online<\/a><\/div>\n<\/div>\n","protected":false},"excerpt":{"rendered":"<p>Scopri l&#8217;ex casino di caccia della Duchessa di Parma, uno spettacolare castello moresco abbandonato, i resti di studi cinematografici con<\/p>\n","protected":false},"featured_media":6076,"template":"","meta":[],"product_brand":[],"product_cat":[183,523,524,276,463,277],"product_tag":[494,211,185,186,493],"class_list":{"0":"post-6304","1":"product","2":"type-product","3":"status-publish","4":"has-post-thumbnail","6":"product_cat-english-it","7":"product_cat-french-it","8":"product_cat-german-it","9":"product_cat-italian-it","10":"product_cat-libri-fotografici","11":"product_cat-spanish-it","12":"product_tag-abandoned-it","13":"product_tag-italy-it","14":"product_tag-jonglez-it","15":"product_tag-jonglez-publishing-it","16":"product_tag-photo-gallery-books-it","18":"first","19":"instock","20":"shipping-taxable","21":"product-type-simple"},"aioseo_notices":[],"_links":{"self":[{"href":"https:\/\/jonglezpublishing.com\/it\/wp-json\/wp\/v2\/product\/6304","targetHints":{"allow":["GET"]}}],"collection":[{"href":"https:\/\/jonglezpublishing.com\/it\/wp-json\/wp\/v2\/product"}],"about":[{"href":"https:\/\/jonglezpublishing.com\/it\/wp-json\/wp\/v2\/types\/product"}],"wp:featuredmedia":[{"embeddable":true,"href":"https:\/\/jonglezpublishing.com\/it\/wp-json\/wp\/v2\/media\/6076"}],"wp:attachment":[{"href":"https:\/\/jonglezpublishing.com\/it\/wp-json\/wp\/v2\/media?parent=6304"}],"wp:term":[{"taxonomy":"product_brand","embeddable":true,"href":"https:\/\/jonglezpublishing.com\/it\/wp-json\/wp\/v2\/product_brand?post=6304"},{"taxonomy":"product_cat","embeddable":true,"href":"https:\/\/jonglezpublishing.com\/it\/wp-json\/wp\/v2\/product_cat?post=6304"},{"taxonomy":"product_tag","embeddable":true,"href":"https:\/\/jonglezpublishing.com\/it\/wp-json\/wp\/v2\/product_tag?post=6304"}],"curies":[{"name":"wp","href":"https:\/\/api.w.org\/{rel}","templated":true}]}}