{"id":6363,"date":"2019-05-28T11:55:51","date_gmt":"2019-05-28T08:55:51","guid":{"rendered":"https:\/\/jonglezpublishing.com\/?post_type=product&#038;p=6363"},"modified":"2019-09-05T10:58:05","modified_gmt":"2019-09-05T07:58:05","slug":"genova-insolita-e-segreta","status":"publish","type":"product","link":"https:\/\/jonglezpublishing.com\/it\/prodotto\/genova-insolita-e-segreta\/","title":{"rendered":"GENOVA INSOLITA E SEGRETA"},"content":{"rendered":"<p>Un tavolo da pranzo ingegnoso e autonomo, un rarissimo presepe di cera, un ascensore orizzontale, un Ercole seicentesco tra le t-shirt di un grande magazzino, lo scalone dell&#8217;hotel che forse ispir\u00f2 Hitchcock per &#8220;Vertigo&#8221;, una chiesa sparita che riemerge in pi\u00f9 luoghi, un&#8217;incredibile avventura speleo-turistica, un&#8217;antica storia di sangue e gelosia, i tesori degli oratori, una Via Aurea fortificata, la pi\u00f9 grande testimonianza romana di Genova, un angolo di montagna in citt\u00e0, una delle pi\u00f9 straordinarie raccolte di reliquie della cristianit\u00e0&#8230; Una guida indispensabile per chiunque creda di conoscere bene Genova o per chi volesse scoprire il volto nascosto di questa citt\u00e0.<\/p>\n<p>&nbsp;<\/p>\n<p><strong>AUTORI<\/strong>: William Dello Russo<br \/>\n<strong>FORMATO<\/strong>: 10,5\u00d719 cm<br \/>\n<strong>PAGINE<\/strong>: 256<br \/>\n<strong>PREZZO<\/strong>: 17,95 \u20ac<br \/>\n<strong>ISBN<\/strong>: <span data-sheets-value=\"{&quot;1&quot;:2,&quot;2&quot;:&quot;978-2-36195-321-8&quot;}\" data-sheets-userformat=\"{&quot;2&quot;:12867,&quot;3&quot;:{&quot;1&quot;:0},&quot;4&quot;:[null,2,16776960],&quot;9&quot;:1,&quot;12&quot;:0,&quot;15&quot;:&quot;Cambria&quot;,&quot;16&quot;:11}\">978-2-36195-321-8<\/span><br \/>\n<b>CONTATTO<\/b>: <a href=\"mailto:valerio@edizionijonglez.com\">valerio@edizionijonglez.com<\/a><\/p>\n<div class=\"yj6qo\"><\/div>\n<div class=\"buttons_cont\">\n<div class=\"button_cont\" align=\"center\"><a class=\"gv_product_btn\" href=\"https:\/\/jonglezpublishing.com\/wp-content\/uploads\/2019\/05\/9782361953218.jpg\" target=\"_blank\" rel=\"noopener noreferrer\">Scarica la copertina<\/a><\/div>\n<div class=\"button_cont\" align=\"center\"><a class=\"gv_product_btn\" href=\"https:\/\/jonglezpublishing.com\/wp-content\/uploads\/2019\/05\/EXTRACT-OF-GENOVA.pdf\" target=\"_blank\" rel=\"noopener noreferrer\">Leggi il PDF<\/a><\/div>\n<div class=\"button_cont\" align=\"center\"><a class=\"gv_product_btn\" href=\"https:\/\/www.amazon.it\/Genova-insolita-segreta-Russo-William\/dp\/2361953218\/ref=sr_1_1?__mk_it_IT=\u00c5M\u00c5\u017d\u00d5\u00d1&amp;crid=3LGTNRHHLMF4V&amp;keywords=genova+insolita+e+segreta&amp;qid=1567670235&amp;s=gateway&amp;sprefix=genova+insolita+%2Caps%2C184&amp;sr=8-1\" target=\"_blank\" rel=\"noopener noreferrer\">Compra online<\/a><\/div>\n<\/div>\n","protected":false},"excerpt":{"rendered":"<p>Un tavolo da pranzo ingegnoso e autonomo, un rarissimo presepe di cera, un ascensore orizzontale, un Ercole seicentesco tra le<\/p>\n","protected":false},"featured_media":6364,"template":"","meta":[],"product_brand":[],"product_cat":[422,276],"product_tag":[],"class_list":{"0":"post-6363","1":"product","2":"type-product","3":"status-publish","4":"has-post-thumbnail","6":"product_cat-guide-insolite-e-segreta","7":"product_cat-italian-it","9":"first","10":"instock","11":"shipping-taxable","12":"product-type-simple"},"aioseo_notices":[],"_links":{"self":[{"href":"https:\/\/jonglezpublishing.com\/it\/wp-json\/wp\/v2\/product\/6363","targetHints":{"allow":["GET"]}}],"collection":[{"href":"https:\/\/jonglezpublishing.com\/it\/wp-json\/wp\/v2\/product"}],"about":[{"href":"https:\/\/jonglezpublishing.com\/it\/wp-json\/wp\/v2\/types\/product"}],"wp:featuredmedia":[{"embeddable":true,"href":"https:\/\/jonglezpublishing.com\/it\/wp-json\/wp\/v2\/media\/6364"}],"wp:attachment":[{"href":"https:\/\/jonglezpublishing.com\/it\/wp-json\/wp\/v2\/media?parent=6363"}],"wp:term":[{"taxonomy":"product_brand","embeddable":true,"href":"https:\/\/jonglezpublishing.com\/it\/wp-json\/wp\/v2\/product_brand?post=6363"},{"taxonomy":"product_cat","embeddable":true,"href":"https:\/\/jonglezpublishing.com\/it\/wp-json\/wp\/v2\/product_cat?post=6363"},{"taxonomy":"product_tag","embeddable":true,"href":"https:\/\/jonglezpublishing.com\/it\/wp-json\/wp\/v2\/product_tag?post=6363"}],"curies":[{"name":"wp","href":"https:\/\/api.w.org\/{rel}","templated":true}]}}