{"id":7586,"date":"2019-09-20T10:34:47","date_gmt":"2019-09-20T07:34:47","guid":{"rendered":"https:\/\/jonglezpublishing.com\/product\/larte-del-recupero-%e2%80%a8idee-insolite-per-arredare\/"},"modified":"2019-09-20T13:10:08","modified_gmt":"2019-09-20T10:10:08","slug":"larte-del-recupero-%e2%80%a8idee-insolite-per-arredare","status":"publish","type":"product","link":"https:\/\/jonglezpublishing.com\/it\/prodotto\/larte-del-recupero-%e2%80%a8idee-insolite-per-arredare\/","title":{"rendered":"L&#8217;ARTE DEL RECUPERO &#8211; IDEE INSOLITE PER ARREDARE"},"content":{"rendered":"<p>Questa celebrazione dell\u2019autosufficienza presenta una serie di interni decorati con oggetti di recupero, riciclati o reinventati, ritrovati in natura in tutto il mondo. Ideale per chi ricerca la frugalit\u00e0 e l\u2019eco-sostenibilit\u00e0, il libro mostra anche metodi per arredare la casa attraverso la ricerca di oggetti in spiaggia, nella foresta o recuperati in ambiente urbano.\u00a0\u201cL\u2019arte del recupero \u2013 Idee insolite per arredare \u201d\u00a0\u00e8 la guida pi\u00f9 completa per decorare la casa in maniera originale e sorprendente, utilizzando le forme suggerite dalla bellezza della natura.<\/p>\n<p>&nbsp;<\/p>\n<p><b>AUTORE<\/b>: Joanna Maclennan &amp; Oliver Maclennan<br \/>\n<b>PAGINE<\/b>: 256<br \/>\n<b>FORMATO<\/b>: 250 x 195mm<br \/>\n<b>ISBN<\/b>: 978-2-36195-361-4<br \/>\n<b>PREZZO<\/b>: \u20ac 29,95<span class=\"Apple-converted-space\"><br \/>\n<\/span><b>CONTATTO<\/b>: <a href=\"mailto:valerio@edizionijonglez.com?subject=\">valerio@edizionijonglez.com<\/a><\/p>\n<p>&nbsp;<\/p>\n<div class=\"buttons_cont\">\n<div class=\"button_cont\" align=\"center\"><a class=\"gv_product_btn\" href=\"https:\/\/jonglezpublishing.com\/wp-content\/uploads\/2019\/09\/Foraged_Home_Cover_ita-copy.jpg\" target=\"_blank\" rel=\"noopener noreferrer\">Scarica la copertina<\/a><\/div>\n<div class=\"button_cont\" align=\"center\"><a class=\"gv_product_btn\" href=\"https:\/\/jonglezpublishing.com\/wp-content\/uploads\/2019\/09\/ForagedHome_ITA.pdf\" target=\"_blank\" rel=\"noopener noreferrer\">Leggi il PDF<\/a><\/div>\n<div class=\"button_cont\" align=\"center\"><a class=\"gv_product_btn\" href=\"https:\/\/www.amazon.it\/Larte-del-recupero-Ediz-italiana\/dp\/2361953617\/ref=sr_1_1?__mk_it_IT=\u00c5M\u00c5\u017d\u00d5\u00d1&amp;keywords=L%27arte+del+recupero+-+Idee+insolite+per+arredare&amp;qid=1568965537&amp;s=gateway&amp;sr=8-1\" target=\"_blank\" rel=\"noopener noreferrer\">Compra online<\/a><\/div>\n<\/div>\n","protected":false},"excerpt":{"rendered":"<p>Questa celebrazione dell\u2019autosufficienza presenta una serie di interni decorati con oggetti di recupero, riciclati o reinventati, ritrovati in natura in<\/p>\n","protected":false},"featured_media":7583,"template":"","meta":[],"product_brand":[],"product_cat":[523,463],"product_tag":[],"class_list":{"0":"post-7586","1":"product","2":"type-product","3":"status-publish","4":"has-post-thumbnail","6":"product_cat-french-it","7":"product_cat-libri-fotografici","9":"first","10":"instock","11":"shipping-taxable","12":"product-type-simple"},"aioseo_notices":[],"_links":{"self":[{"href":"https:\/\/jonglezpublishing.com\/it\/wp-json\/wp\/v2\/product\/7586","targetHints":{"allow":["GET"]}}],"collection":[{"href":"https:\/\/jonglezpublishing.com\/it\/wp-json\/wp\/v2\/product"}],"about":[{"href":"https:\/\/jonglezpublishing.com\/it\/wp-json\/wp\/v2\/types\/product"}],"wp:featuredmedia":[{"embeddable":true,"href":"https:\/\/jonglezpublishing.com\/it\/wp-json\/wp\/v2\/media\/7583"}],"wp:attachment":[{"href":"https:\/\/jonglezpublishing.com\/it\/wp-json\/wp\/v2\/media?parent=7586"}],"wp:term":[{"taxonomy":"product_brand","embeddable":true,"href":"https:\/\/jonglezpublishing.com\/it\/wp-json\/wp\/v2\/product_brand?post=7586"},{"taxonomy":"product_cat","embeddable":true,"href":"https:\/\/jonglezpublishing.com\/it\/wp-json\/wp\/v2\/product_cat?post=7586"},{"taxonomy":"product_tag","embeddable":true,"href":"https:\/\/jonglezpublishing.com\/it\/wp-json\/wp\/v2\/product_tag?post=7586"}],"curies":[{"name":"wp","href":"https:\/\/api.w.org\/{rel}","templated":true}]}}