{"id":8442,"date":"2019-10-14T12:06:43","date_gmt":"2019-10-14T09:06:43","guid":{"rendered":"https:\/\/jonglezpublishing.com\/product\/soul-of-los-angeles-guida-alle-30-migliori\/"},"modified":"2021-04-08T14:18:02","modified_gmt":"2021-04-08T11:18:02","slug":"soul-of-los-angeles-guida-alle-30-migliori","status":"publish","type":"product","link":"https:\/\/jonglezpublishing.com\/it\/prodotto\/soul-of-los-angeles-guida-alle-30-migliori\/","title":{"rendered":"SOUL OF LOS ANGELES &#8211; GUIDA ALLE 30 MIGLIORI ESPERIENZE"},"content":{"rendered":"<p class=\"p1\" style=\"text-align: center;\"><span class=\"s1\">\u201cQuando le persone criticano LA di solito hanno paura di esplorare, e probabilmente sono troppo abituati a citt\u00e0 facili dove non devi lottare per trovare cose belle&#8221; &#8211; Moby <\/span><\/p>\n<p class=\"p1\"><span class=\"s1\">Accedi a una spiaggia segreta di Malibu, rilassati in una gigantesca spa coreana aperta 24 ore su 24, guarda l&#8217;intera collezione di film di Tarantino, mangia il tuo hamburger alla maniera californiana, medita nel tranquillo rifugio di Elvis e George Harrison, acquista un vinile e un abito vintage nello stesso luogo.<\/span><\/p>\n<p class=\"p1\"><span class=\"s1\">&#8220;Soul of Los Angeles&#8221; \u00e8 stato scritto da Emilien Crespo, uno scrittore ed imprenditore che ha vissuto ed esplorato Los Angeles per un decennio. Ha accuratamente selezionato le &#8220;gemme&#8221; che gli fanno amare questa citt\u00e0. Per dare vita a questo volume ha lavorato con la fotografa spagnola Pia Riverola e l&#8217;illustratrice francese Clara Mari.<\/span><\/p>\n<p class=\"p1\"><span class=\"s1\">La collezione &#8220;Soul of&#8221; \u00e8 un nuovo approccio all&#8217;arte del viaggio che ruota attorno al &#8220;vagabondaggio&#8221; in citt\u00e0, ad incontri casuali ed esperienze indimenticabili. Guide per coloro che vogliono aprire le porte nascoste della citt\u00e0, sentire il \u200b\u200bbattito pi\u00f9 profondo del suo cuore, scovare ogni angolo per scoprire la sua vera anima.<\/span><\/p>\n<p class=\"p1\"><span class=\"s1\"><br \/>\nCreata da Fany P\u00e9chiodat in collaborazione con l&#8217;editore Thomas Jonglez, la collezione continuer\u00e0 a espandersi con nuove citt\u00e0 nel 2020: Venezia, Bali, Berlino\u2026 <\/span><\/p>\n<p class=\"p1\" style=\"text-align: center;\"><span class=\"s1\">Ogni guida della collezione &#8220;Soul of&#8221; include:<br \/>\n&#8211; le 30 migliori esperienze che una citt\u00e0 ha da offrire<br \/>\n&#8211; interviste a coloro che contribuiscono a creare lo spirito pi\u00f9 vero della citt\u00e0<br \/>\n&#8211; illustrazioni che catturano l&#8217;anima della citt\u00e0<\/span><\/p>\n<p>&nbsp;<\/p>\n<p style=\"text-align: center;\">*Soul of Los Angeles: ha ricevuto la Medaglia d\u2019oro nella categoria \u201cGuide di viaggio\u201d, Premio editori indipendenti, Usa, e la Menzione d&#8217;Onore al concorso per i Travel Media Awards della North American Travel Journalists Association (NATJA)*<\/p>\n<p>&nbsp;<\/p>\n<p class=\"p1\"><span class=\"s1\"><b>AUTRICE<\/b>: Emilien Crespo<br \/>\n<\/span><b style=\"line-height: 1.5;\">PAGINE<\/b><span style=\"line-height: 1.5;\">: 128<br \/>\n<\/span><span class=\"s1\"><b>FORMATO<\/b>: 20 x 13,5 cm<br \/>\n<\/span><span class=\"s1\"><b>ISBN<\/b>: 978-2-36195-422-2<br \/>\n<\/span><span class=\"s1\"><b>PREZZO<\/b>: \u20ac14,95<br \/>\n<\/span><span class=\"s1\"><b>CONTATTO<\/b>: <a href=\"mailto:valerio@edizionijonglez.com?subject=\"><span class=\"s2\">valerio@edizionijonglez.com<\/span><\/a><\/span><\/p>\n<div class=\"buttons_cont\">\n<div class=\"button_cont\" align=\"center\"><a class=\"gv_product_btn\" href=\"https:\/\/jonglezpublishing.com\/wp-content\/uploads\/2020\/06\/Couverture-SOLA-IT.jpg\" target=\"_blank\" rel=\"noopener noreferrer\">Scarica la copertina<\/a><\/div>\n<div class=\"button_cont\" align=\"center\"><a class=\"gv_product_btn\" href=\"https:\/\/jonglezpublishing.com\/wp-content\/uploads\/2019\/10\/Preview_SOLA_IT-1.pdf\" target=\"_blank\" rel=\"noopener noreferrer\">Leggi il PDF<\/a><\/div>\n<div class=\"button_cont\" align=\"center\"><a class=\"gv_product_btn\" href=\"https:\/\/www.amazon.it\/Angeles-guide-exceptional-experiences-italiana\/dp\/2361954222\/ref=sr_1_fkmr0_1?__mk_it_IT=%C3%85M%C3%85%C5%BD%C3%95%C3%91&amp;dchild=1&amp;keywords=soul+of+los+angeles+jonglez&amp;qid=1593521504&amp;sr=8-1-fkmr0\" target=\"_blank\" rel=\"noopener noreferrer\">Compra online<\/a><\/div>\n<\/div>\n","protected":false},"excerpt":{"rendered":"<p>\u201cQuando le persone criticano LA di solito hanno paura di esplorare, e probabilmente sono troppo abituati a citt\u00e0 facili dove<\/p>\n","protected":false},"featured_media":7786,"template":"","meta":[],"product_brand":[],"product_cat":[183,464],"product_tag":[],"class_list":{"0":"post-8442","1":"product","2":"type-product","3":"status-publish","4":"has-post-thumbnail","6":"product_cat-english-it","7":"product_cat-laltra-guida","9":"first","10":"instock","11":"shipping-taxable","12":"product-type-simple"},"aioseo_notices":[],"_links":{"self":[{"href":"https:\/\/jonglezpublishing.com\/it\/wp-json\/wp\/v2\/product\/8442","targetHints":{"allow":["GET"]}}],"collection":[{"href":"https:\/\/jonglezpublishing.com\/it\/wp-json\/wp\/v2\/product"}],"about":[{"href":"https:\/\/jonglezpublishing.com\/it\/wp-json\/wp\/v2\/types\/product"}],"wp:featuredmedia":[{"embeddable":true,"href":"https:\/\/jonglezpublishing.com\/it\/wp-json\/wp\/v2\/media\/7786"}],"wp:attachment":[{"href":"https:\/\/jonglezpublishing.com\/it\/wp-json\/wp\/v2\/media?parent=8442"}],"wp:term":[{"taxonomy":"product_brand","embeddable":true,"href":"https:\/\/jonglezpublishing.com\/it\/wp-json\/wp\/v2\/product_brand?post=8442"},{"taxonomy":"product_cat","embeddable":true,"href":"https:\/\/jonglezpublishing.com\/it\/wp-json\/wp\/v2\/product_cat?post=8442"},{"taxonomy":"product_tag","embeddable":true,"href":"https:\/\/jonglezpublishing.com\/it\/wp-json\/wp\/v2\/product_tag?post=8442"}],"curies":[{"name":"wp","href":"https:\/\/api.w.org\/{rel}","templated":true}]}}