{"id":8833,"date":"2020-10-13T08:45:07","date_gmt":"2020-10-13T05:45:07","guid":{"rendered":"https:\/\/jonglezpublishing.com\/product\/venezia-deserta\/"},"modified":"2020-11-18T13:21:25","modified_gmt":"2020-11-18T11:21:25","slug":"venezia-deserta","status":"publish","type":"product","link":"https:\/\/jonglezpublishing.com\/it\/prodotto\/venezia-deserta\/","title":{"rendered":"VENEZIA DESERTA"},"content":{"rendered":"<p class=\"p1\"><span class=\"s1\">Durante il lockdown del Coronavirus a marzo, aprile e maggio 2020, Venezia \u00e8 apparsa completamente deserta, come forse mai \u00e8 stata in precedenza. Luc Carton, che ha vissuto a Venezia dal 2005, ha fotografato la citt\u00e0 pi\u00f9 bella del mondo in queste circostanze eccezionali. <\/span><\/p>\n<p class=\"p1\"><span class=\"s1\">Le sue immagini sono una rara testimonianza di questo periodo cos\u00ec particolare. <\/span><\/p>\n<p>&nbsp;<\/p>\n<p class=\"p2\"><span class=\"s1\"><b>AUTORE E FOTOGRAFO<\/b>: <\/span><span class=\"s1\">Danielle &amp; Luc Carton<br \/>\n<\/span><span class=\"s1\"><b>PAGINE<\/b>: 192<br \/>\n<\/span><span class=\"s1\"><b>FORMATO<\/b>: 21.5 x 28\u00a0cm<br \/>\n<\/span><span class=\"s1\"><b>ISBN<\/b>: 978-2-36195-483-3<br \/>\n<\/span><span class=\"s1\"><b>PREZZO<\/b>: \u20ac 35,00<br \/>\n<\/span><span class=\"s1\"><b>CONTATTO<\/b>: <a href=\"mailto:valerio@edizionijonglez.com?subject=\"><span class=\"s2\">valerio@edizionijonglez.com<\/span><\/a><\/span><\/p>\n<p>&nbsp;<\/p>\n<div class=\"buttons_cont\">\n<div class=\"button_cont\" align=\"center\"><a class=\"gv_product_btn\" href=\"https:\/\/jonglezpublishing.com\/wp-content\/uploads\/2020\/10\/Venise-de\u0301serte_IT-1.jpg\" target=\"_blank\" rel=\"noopener noreferrer\">Scarica la copertina<\/a><\/div>\n<div class=\"button_cont\" align=\"center\"><a class=\"gv_product_btn\" href=\"https:\/\/jonglezpublishing.com\/wp-content\/uploads\/2020\/10\/Venezia-Deserta_Preview_Jonglez-photo-books.pdf\" target=\"_blank\" rel=\"noopener noreferrer\">Leggi il PDF<\/a><\/div>\n<div class=\"button_cont\" align=\"center\"><a class=\"gv_product_btn\" href=\"https:\/\/www.amazon.it\/Venezia-deserta-illustrata-Danielle-Carton\/dp\/2361954834\/ref=sr_1_2?__mk_it_IT=%C3%85M%C3%85%C5%BD%C3%95%C3%91&amp;dchild=1&amp;keywords=venezia+deserta&amp;qid=1603089670&amp;sr=8-2\" target=\"_blank\" rel=\"noopener noreferrer\">Compra online<\/a><\/div>\n<\/div>\n","protected":false},"excerpt":{"rendered":"<p>Durante il lockdown del Coronavirus a marzo, aprile e maggio 2020, Venezia \u00e8 apparsa completamente deserta, come forse mai \u00e8<\/p>\n","protected":false},"featured_media":8775,"template":"","meta":[],"product_brand":[],"product_cat":[183,523,524,276,463,277],"product_tag":[],"class_list":{"0":"post-8833","1":"product","2":"type-product","3":"status-publish","4":"has-post-thumbnail","6":"product_cat-english-it","7":"product_cat-french-it","8":"product_cat-german-it","9":"product_cat-italian-it","10":"product_cat-libri-fotografici","11":"product_cat-spanish-it","13":"first","14":"instock","15":"shipping-taxable","16":"product-type-simple"},"aioseo_notices":[],"_links":{"self":[{"href":"https:\/\/jonglezpublishing.com\/it\/wp-json\/wp\/v2\/product\/8833","targetHints":{"allow":["GET"]}}],"collection":[{"href":"https:\/\/jonglezpublishing.com\/it\/wp-json\/wp\/v2\/product"}],"about":[{"href":"https:\/\/jonglezpublishing.com\/it\/wp-json\/wp\/v2\/types\/product"}],"wp:featuredmedia":[{"embeddable":true,"href":"https:\/\/jonglezpublishing.com\/it\/wp-json\/wp\/v2\/media\/8775"}],"wp:attachment":[{"href":"https:\/\/jonglezpublishing.com\/it\/wp-json\/wp\/v2\/media?parent=8833"}],"wp:term":[{"taxonomy":"product_brand","embeddable":true,"href":"https:\/\/jonglezpublishing.com\/it\/wp-json\/wp\/v2\/product_brand?post=8833"},{"taxonomy":"product_cat","embeddable":true,"href":"https:\/\/jonglezpublishing.com\/it\/wp-json\/wp\/v2\/product_cat?post=8833"},{"taxonomy":"product_tag","embeddable":true,"href":"https:\/\/jonglezpublishing.com\/it\/wp-json\/wp\/v2\/product_tag?post=8833"}],"curies":[{"name":"wp","href":"https:\/\/api.w.org\/{rel}","templated":true}]}}