{"id":9265,"date":"2020-07-23T13:00:43","date_gmt":"2020-07-23T10:00:43","guid":{"rendered":"https:\/\/jonglezpublishing.com\/product\/soul-of-barcellona-guida-alle-30-migliori-esperienze\/"},"modified":"2021-06-01T12:41:25","modified_gmt":"2021-06-01T09:41:25","slug":"soul-of-barcellona-guida-alle-30-migliori-esperienze","status":"publish","type":"product","link":"https:\/\/jonglezpublishing.com\/it\/prodotto\/soul-of-barcellona-guida-alle-30-migliori-esperienze\/","title":{"rendered":"SOUL OF BARCELLONA &#8211; GUIDA ALLE 30 MIGLIORI ESPERIENZE"},"content":{"rendered":"<p class=\"p1\"><span class=\"s1\">&#8220;La strada pi\u00f9 gioiosa del mondo, la strada dove tutte e quattro le stagioni vivono insieme, l\u2019unica strada nel mondo che vorrei non finisse mai, ricca di suoni, abbondante di brezze, bellissima nei suoi incontri: La Rambla di Barcellona&#8221;.<span class=\"Apple-converted-space\">\u00a0 <\/span>\u2212 Federico Garc\u00eda Lorca<\/span><\/p>\n<p class=\"p1\"><span class=\"s1\">Goditi il jazz sui tetti di Gaudi, assaggia le tapas preparate da una nonna che sta ispirando tutti i giovani chef spagnoli, scopri come arrivare ad una spiaggia segreta, affonda i denti nei migliori churros, fai un bagno caldo in una spa sotto la citt\u00e0\u2026 <\/span><\/p>\n<p class=\"p1\"><span class=\"s1\">&#8220;Soul of Barcelona&#8221; raccoglie le 30 migliori esperienze che la citt\u00e0 ha da offrire \u2013 per ognuna delle quali vale la pena fare il viaggio.<\/span><\/p>\n<p class=\"p1\"><span class=\"s1\">La collezione &#8220;Soul of&#8221; \u00e8 un nuovo approccio all&#8217;arte del viaggio che ruota attorno al &#8220;vagabondaggio&#8221; in citt\u00e0, ad incontri casuali ed esperienze indimenticabili. Guide per coloro che vogliono aprire le porte nascoste della citt\u00e0, sentire il \u200b\u200bbattito pi\u00f9 profondo del suo cuore, scovare ogni angolo per scoprire la sua vera anima.<\/span><\/p>\n<p class=\"p1\"><span class=\"s1\">Ogni guida della collezione &#8220;Soul of&#8221; include:<br \/>\n&#8211; le 30 migliori esperienze che una citt\u00e0 ha da offrire<br \/>\n&#8211; interviste a coloro che contribuiscono a creare lo spirito pi\u00f9 vero della citt\u00e0<br \/>\n&#8211; illustrazioni che catturano l&#8217;anima della citt\u00e0<\/span><\/p>\n<p>&nbsp;<\/p>\n<p class=\"p1\"><span class=\"s1\"><b>AUTORI<\/b>: Fany P\u00e9chiodat &amp; Vincent Moustache<br \/>\n<\/span><span class=\"s1\"><b>PAGINE<\/b>: 128<br \/>\n<\/span><span class=\"s1\"><b>FORMATO<\/b>: 20 x 13,5 cm<br \/>\n<\/span><span class=\"s1\"><b>ISBN<\/b>: 978-2-36195-388-1<br \/>\n<\/span><span class=\"s1\"><b>PREZZO<\/b>: \u20ac14,95<br \/>\n<\/span><span class=\"s1\"><b>CONTATTO<\/b>: <a href=\"mailto:valerio@edizionijonglez.com?subject=\"><span class=\"s2\">valerio@edizionijonglez.com<\/span><\/a><\/span><\/p>\n<div class=\"button_cont\" align=\"center\"><a class=\"gv_product_btn\" href=\"https:\/\/jonglezpublishing.com\/wp-content\/uploads\/2021\/05\/couv_SOUL_OF_BARCELONA_IT_front.jpg\" target=\"_blank\" rel=\"noopener noreferrer\">Scarica la copertina<\/a><\/div>\n<div class=\"button_cont\" align=\"center\"><a class=\"gv_product_btn\" href=\"https:\/\/jonglezpublishing.com\/wp-content\/uploads\/2020\/07\/Preview_IT.pdf\" target=\"_blank\" rel=\"noopener noreferrer\">Leggi il PDF<\/a><\/div>\n<div class=\"button_cont\" align=\"center\"><a class=\"gv_product_btn\" href=\"https:\/\/www.amazon.it\/Soul-of-Barcelona-Ediz-italiana\/dp\/2361953889\/ref=sr_1_1?__mk_it_IT=%C3%85M%C3%85%C5%BD%C3%95%C3%91&amp;dchild=1&amp;keywords=9782361953881&amp;qid=1622480277&amp;sr=8-1\" target=\"_blank\" rel=\"noopener noreferrer\">Compra online<\/a><\/div>\n","protected":false},"excerpt":{"rendered":"<p>&#8220;La strada pi\u00f9 gioiosa del mondo, la strada dove tutte e quattro le stagioni vivono insieme, l\u2019unica strada nel mondo<\/p>\n","protected":false},"featured_media":8510,"template":"","meta":[],"product_brand":[],"product_cat":[183,464],"product_tag":[],"class_list":{"0":"post-9265","1":"product","2":"type-product","3":"status-publish","4":"has-post-thumbnail","6":"product_cat-english-it","7":"product_cat-laltra-guida","9":"first","10":"instock","11":"shipping-taxable","12":"product-type-simple"},"aioseo_notices":[],"_links":{"self":[{"href":"https:\/\/jonglezpublishing.com\/it\/wp-json\/wp\/v2\/product\/9265","targetHints":{"allow":["GET"]}}],"collection":[{"href":"https:\/\/jonglezpublishing.com\/it\/wp-json\/wp\/v2\/product"}],"about":[{"href":"https:\/\/jonglezpublishing.com\/it\/wp-json\/wp\/v2\/types\/product"}],"wp:featuredmedia":[{"embeddable":true,"href":"https:\/\/jonglezpublishing.com\/it\/wp-json\/wp\/v2\/media\/8510"}],"wp:attachment":[{"href":"https:\/\/jonglezpublishing.com\/it\/wp-json\/wp\/v2\/media?parent=9265"}],"wp:term":[{"taxonomy":"product_brand","embeddable":true,"href":"https:\/\/jonglezpublishing.com\/it\/wp-json\/wp\/v2\/product_brand?post=9265"},{"taxonomy":"product_cat","embeddable":true,"href":"https:\/\/jonglezpublishing.com\/it\/wp-json\/wp\/v2\/product_cat?post=9265"},{"taxonomy":"product_tag","embeddable":true,"href":"https:\/\/jonglezpublishing.com\/it\/wp-json\/wp\/v2\/product_tag?post=9265"}],"curies":[{"name":"wp","href":"https:\/\/api.w.org\/{rel}","templated":true}]}}