{"id":9342,"date":"2021-06-15T13:28:56","date_gmt":"2021-06-15T10:28:56","guid":{"rendered":"https:\/\/jonglezpublishing.com\/product\/soul-of-atene-guida-alle-30-migliori-esperienze\/"},"modified":"2024-08-07T12:36:40","modified_gmt":"2024-08-07T09:36:40","slug":"soul-of-atene-guida-alle-30-migliori-esperienze","status":"publish","type":"product","link":"https:\/\/jonglezpublishing.com\/it\/prodotto\/soul-of-atene-guida-alle-30-migliori-esperienze\/","title":{"rendered":"SOUL OF ATENE &#8211; GUIDA ALLE 30 MIGLIORI ESPERIENZE"},"content":{"rendered":"<p class=\"p1\">Abbiamo tutti scalato l\u2019Acropoli e vagato per le\u00a0tortuose strade di Plaka. Ma se vogliamo davvero sperimentare la vera essenza di Atene oggi, dove dovremmo andare? <em><strong><span class=\"s1\">Soul of Atene <\/span><\/strong><\/em>\u00e8 la guida che svela il meglio di ci\u00f2 che questa citt\u00e0 offre\u00a0ora e come si sta evolvendo.<\/p>\n<p class=\"p1\">Celebrando sia il vecchio che il nuovo,\u00a0incontreremo i guardiani del patrimonio\u00a0autentico della citt\u00e0 e parleremo delle giovani e\u00a0brillanti iniziative di chi sta costruendo il futuro\u00a0della citt\u00e0. Mangeremo in taverne nascoste,\u00a0esploreremo i portici a lungo dimenticati,\u00a0ascolteremo i suoni malinconici di rebetiko,\u00a0faremo un viaggio verso est sul vecchio Orient\u00a0Express senza lasciare Atene, scopriremo di pi\u00f9\u00a0sulle erbe migliori della Grecia e assaggeremo alcuni straordinari nuovi vini. Scopriamo e\u00a0viviamo insieme la vera anima di Atene.<\/p>\n<div><em><strong>Soul of Athene<\/strong><\/em>\u00a0\u00e8 scritto da Alex King, giornalista e documentarista che vive ad\u00a0\u00a0Atene e che si occupa di viaggi, cultura alternativa e questioni umanitarie nella regione. Foto di copertina di Steven Beijer e illustrazioni di Noni Nezi.<\/div>\n<div class=\"yj6qo ajU\"><\/div>\n<p class=\"p1\">La collezione <span class=\"s1\">\u201c<strong>Soul of<\/strong>\u201d <\/span>\u00e8 un nuovo approccio all\u2019arte del viaggio che ruota attorno al \u201cvagabondaggio\u201d in citt\u00e0, ad incontri casuali ed esperienze indimenticabili. Guide per coloro che vogliono aprire le porte nascoste della\u00a0citt\u00e0, sentire il battito pi\u00f9 profondo del suo cuore, scovare ogni angolo per scoprire la sua vera anima.<\/p>\n<p>&nbsp;<\/p>\n<p class=\"p1\">Ogni guida della collezione <span class=\"s1\">\u201c<strong>Soul of<\/strong>\u201d <\/span>include:<\/p>\n<p class=\"p1\">\u2014 Le 30 migliori esperienze che una citt\u00e0 ha da offrire<br \/>\n\u2014 Interviste a coloro che contribuiscono a creare lo spirito pi\u00f9 vero della citt\u00e0<br \/>\n\u2014 Illustrazioni che catturano l\u2019anima della citt\u00e0<\/p>\n<p>&nbsp;<\/p>\n<p class=\"p1\"><span class=\"s1\"><b>PAGINE<\/b>: 128<br \/>\n<\/span><span class=\"s1\"><b>FORMATO<\/b>: 20 x 13,5 cm<br \/>\n<\/span><span class=\"s1\"><b>ISBN<\/b>:\u00a0<\/span>978-2-36195-436-9<br \/>\n<span class=\"s1\"><b>PREZZO<\/b>: \u20ac14,95<br \/>\n<\/span><span class=\"s1\"><b>CONTATTO<\/b>: <a href=\"mailto:valerio@edizionijonglez.com?subject=\"><span class=\"s2\">valerio@edizionijonglez.com<\/span><\/a><\/span><\/p>\n<p>&nbsp;<\/p>\n<div class=\"buttons_cont\">\n<div class=\"button_cont\" align=\"center\"><a class=\"gv_product_btn\" href=\"https:\/\/jonglezpublishing.com\/wp-content\/uploads\/2021\/06\/ITA-cover-Soul-of-Athens.jpg\" target=\"_blank\" rel=\"noopener noreferrer\">Scarica la copertina<\/a><\/div>\n<div class=\"button_cont\" align=\"center\"><a class=\"gv_product_btn\" href=\"https:\/\/jonglezpublishing.com\/wp-content\/uploads\/2021\/06\/Soul-of-Athens-preview-ITA.pdf\" target=\"_blank\" rel=\"noopener noreferrer\">Leggi il PDF<\/a><\/div>\n<div class=\"button_cont\" align=\"center\"><a class=\"gv_product_btn\" href=\"https:\/\/www.amazon.it\/Soul-Atene-Guida-migliori-esperienze\/dp\/2361954362\/ref=sr_1_2?__mk_it_IT=%C3%85M%C3%85%C5%BD%C3%95%C3%91&amp;dchild=1&amp;keywords=soul+of+atene+jonglez&amp;qid=1627547359&amp;sr=8-2\" target=\"_blank\" rel=\"noopener noreferrer\">Compra online<\/a><\/div>\n<div class=\"button_cont\" align=\"center\"><\/div>\n<\/div>\n","protected":false},"excerpt":{"rendered":"<p>Abbiamo tutti scalato l\u2019Acropoli e vagato per le\u00a0tortuose strade di Plaka. Ma se vogliamo davvero sperimentare la vera essenza di<\/p>\n","protected":false},"featured_media":9321,"template":"","meta":[],"product_brand":[],"product_cat":[183,523,524,276,464],"product_tag":[],"class_list":{"0":"post-9342","1":"product","2":"type-product","3":"status-publish","4":"has-post-thumbnail","6":"product_cat-english-it","7":"product_cat-french-it","8":"product_cat-german-it","9":"product_cat-italian-it","10":"product_cat-laltra-guida","12":"first","13":"instock","14":"shipping-taxable","15":"product-type-simple"},"aioseo_notices":[],"_links":{"self":[{"href":"https:\/\/jonglezpublishing.com\/it\/wp-json\/wp\/v2\/product\/9342","targetHints":{"allow":["GET"]}}],"collection":[{"href":"https:\/\/jonglezpublishing.com\/it\/wp-json\/wp\/v2\/product"}],"about":[{"href":"https:\/\/jonglezpublishing.com\/it\/wp-json\/wp\/v2\/types\/product"}],"wp:featuredmedia":[{"embeddable":true,"href":"https:\/\/jonglezpublishing.com\/it\/wp-json\/wp\/v2\/media\/9321"}],"wp:attachment":[{"href":"https:\/\/jonglezpublishing.com\/it\/wp-json\/wp\/v2\/media?parent=9342"}],"wp:term":[{"taxonomy":"product_brand","embeddable":true,"href":"https:\/\/jonglezpublishing.com\/it\/wp-json\/wp\/v2\/product_brand?post=9342"},{"taxonomy":"product_cat","embeddable":true,"href":"https:\/\/jonglezpublishing.com\/it\/wp-json\/wp\/v2\/product_cat?post=9342"},{"taxonomy":"product_tag","embeddable":true,"href":"https:\/\/jonglezpublishing.com\/it\/wp-json\/wp\/v2\/product_tag?post=9342"}],"curies":[{"name":"wp","href":"https:\/\/api.w.org\/{rel}","templated":true}]}}