{"id":9513,"date":"2021-09-01T11:43:30","date_gmt":"2021-09-01T08:43:31","guid":{"rendered":"https:\/\/jonglezpublishing.com\/?post_type=product&#038;p=9513"},"modified":"2021-11-19T10:20:31","modified_gmt":"2021-11-19T08:20:31","slug":"soul-of-new-york-guida-alle-30-migliori-esperienze","status":"publish","type":"product","link":"https:\/\/jonglezpublishing.com\/it\/prodotto\/soul-of-new-york-guida-alle-30-migliori-esperienze\/","title":{"rendered":"SOUL OF NEW YORK &#8211; GUIDA ALLE 30 MIGLIORI ESPERIENZE"},"content":{"rendered":"<p><span style=\"font-weight: 400;\">Quando l\u2019ideatore della\u00a0 collana ha chiesto a Tarajia Morrell di scrivere \u201cSoul of New York\u201d,\u00a0 la critica gastronomica e scrittrice di viaggi, nata a New York, ha riso all\u2019idea. <\/span><span style=\"font-weight: 400;\">\u201cLa mia citt\u00e0 in 30 esperienze? Stai scherzando?&#8221;, ha detto della premessa per le guide per le persone a cui non piacciono le guide. &#8220;Spesso ho strizzato pi\u00f9 di un luogo in \u201cun&#8217;esperienza&#8217;&#8221;, ha proseguito. &#8220;La citt\u00e0 \u00e8 in continua evoluzione, nutrendosi di se stessa, cambiando dimensione e forma&#8230; In perenne danza tra nostalgia e progresso&#8221;.<\/span><\/p>\n<p><span style=\"font-weight: 400;\">\u201cSoul of New York\u201d di Morrell rimbalza tra il meglio di ci\u00f2 che \u00e8 alla moda e i locali pi\u00f9 modesti che hanno resistito alla prova del tempo. Unendo posti di alto e basso livello, eleganti e umili, chiassosi e tranquilli, \u201cSoul of New York\u201d \u00e8 una lettera d&#8217;amore a una citt\u00e0 che \u00e8 stata colpita dal Covid, ma che continua ad andare avanti, come sempre. Il gusto acuto di Morrell come critica gastronomica guida i lettori verso il <\/span><i><span style=\"font-weight: 400;\">dim sum<\/span><\/i><span style=\"font-weight: 400;\"> pi\u00f9 raffinato della citt\u00e0 e le sue prelibatezze. L\u2019autrice ha costruito il libro non solo osservando la gente e percorrendo le strade da un posto all&#8217;altro, ma anche vivendo le destinazioni stesse. Condito con interviste e consigli di altri interessanti newyorkesi, e con le eleganti fotografie di Liz Barclay, il cui lavoro \u00e8 apparso sul New York Times, con lussureggianti illustrazioni originali ad acquerello dell&#8217;artista Abbie Zuidema, il libro \u00e8 piccolo ma pieno zeppo di luoghi a cui i visitatori dovrebbero dare la priorit\u00e0 e che si dovrebbe ricordare alla gente del posto di cercare e sostenere.<\/span><\/p>\n<p><span style=\"font-weight: 400;\">Tarajia Morrell \u00e8 una giornalista il cui lavoro \u00e8 apparso sul WSJ Magazine, T Magazine, Food &amp; Wine, Departures, Cherry Bombe ed altri. \u00c8\u00a0 nata a New York e che vive in questa citt\u00e0 con sua figlia. Entrambe credono che ogni giorno a New York City sia un&#8217;occasione per indossare un costume e che tutti noi, abitanti e stranieri, facciamo parte dello spettacolo.<\/span><\/p>\n<p>&nbsp;<\/p>\n<p><span style=\"font-weight: 400;\">Creata da Fany P\u00e9chiodat, fondatrice di My Little Paris, e dall&#8217;editore Thomas Jonglez, la collana &#8220;Soul of&#8221; \u00e8 un nuovo modo di avvicinarsi all&#8217;arte del viaggio che consiste nel vagabondare per la citt\u00e0, facendo incontri casuali ed esperienze indimenticabili. Guide per chi vuole aprire le porte nascoste di una citt\u00e0, sentire il battito del suo cuore, scandagliarne fino all&#8217;ultimo angolo e fessura per scoprire la sua anima.<\/span><\/p>\n<p class=\"p1\"><span class=\"s1\">In tutte le guide della collana \u00ab<b>Soul of<\/b>\u00bb, troverete: <\/span><\/p>\n<p class=\"p1\"><span class=\"s1\">&#8211; le 30 esperienze migliori che una citt\u00e0 vi offre <\/span><\/p>\n<p class=\"p1\"><span class=\"s1\">&#8211; le interviste ai personaggi che rappresentano lo spirito di quella citt\u00e0<\/span><\/p>\n<p class=\"p1\"><span class=\"s1\">&#8211; un illustratore e un nativo della citt\u00e0<\/span><\/p>\n<p>&nbsp;<\/p>\n<p class=\"p1\"><span class=\"s1\"><b>Autore<\/b>: Tarajia Morrell<br \/>\n<\/span><span class=\"s1\"><b>ISBN<\/b>:\u00a0<\/span><span class=\"s1\">978-2-36195-399-7<br \/>\n<\/span><span class=\"s1\"><b>Prezzo<\/b>: \u20ac 14,95<br \/>\n<b>Formato<\/b>: 200 x 135 mm<br \/>\n<\/span><span class=\"s1\"><b>Contatto<\/b>: <a href=\"mailto:valerio@edizionijonglez.com?subject=\"><span class=\"s2\">valerio@edizionijonglez.com<\/span><\/a><\/span><\/p>\n<p>&nbsp;<\/p>\n<div class=\"buttons_cont\">\n<div class=\"button_cont\" align=\"center\"><a class=\"gv_product_btn\" href=\"https:\/\/jonglezpublishing.com\/wp-content\/uploads\/2021\/09\/Soul-of-NY_IT.jpg\" target=\"_blank\" rel=\"noopener noreferrer\">Scarica la copertina<\/a><\/div>\n<div class=\"button_cont\" align=\"center\"><a class=\"gv_product_btn\" href=\"https:\/\/jonglezpublishing.com\/wp-content\/uploads\/2021\/09\/Extrait_SONY_IT.pdf\" target=\"_blank\" rel=\"noopener noreferrer\">Leggi il PDF<\/a><\/div>\n<div class=\"button_cont\" align=\"center\"><a class=\"gv_product_btn\" href=\"https:\/\/www.amazon.it\/Soul-New-York-Ediz-italiana\/dp\/2361953994\/ref=sr_1_2?__mk_it_IT=%C3%85M%C3%85%C5%BD%C3%95%C3%91&amp;dchild=1&amp;keywords=soul+of+new+york+jonglez&amp;qid=1630486887&amp;sr=8-2\" target=\"_blank\" rel=\"noopener noreferrer\">Compra online<\/a><\/div>\n<\/div>\n","protected":false},"excerpt":{"rendered":"<p>Quando l\u2019ideatore della\u00a0 collana ha chiesto a Tarajia Morrell di scrivere \u201cSoul of New York\u201d,\u00a0 la critica gastronomica e scrittrice<\/p>\n","protected":false},"featured_media":9527,"template":"","meta":[],"product_brand":[],"product_cat":[183,523,524,276,464,277],"product_tag":[],"class_list":{"0":"post-9513","1":"product","2":"type-product","3":"status-publish","4":"has-post-thumbnail","6":"product_cat-english-it","7":"product_cat-french-it","8":"product_cat-german-it","9":"product_cat-italian-it","10":"product_cat-laltra-guida","11":"product_cat-spanish-it","13":"first","14":"instock","15":"shipping-taxable","16":"product-type-simple"},"aioseo_notices":[],"_links":{"self":[{"href":"https:\/\/jonglezpublishing.com\/it\/wp-json\/wp\/v2\/product\/9513","targetHints":{"allow":["GET"]}}],"collection":[{"href":"https:\/\/jonglezpublishing.com\/it\/wp-json\/wp\/v2\/product"}],"about":[{"href":"https:\/\/jonglezpublishing.com\/it\/wp-json\/wp\/v2\/types\/product"}],"wp:featuredmedia":[{"embeddable":true,"href":"https:\/\/jonglezpublishing.com\/it\/wp-json\/wp\/v2\/media\/9527"}],"wp:attachment":[{"href":"https:\/\/jonglezpublishing.com\/it\/wp-json\/wp\/v2\/media?parent=9513"}],"wp:term":[{"taxonomy":"product_brand","embeddable":true,"href":"https:\/\/jonglezpublishing.com\/it\/wp-json\/wp\/v2\/product_brand?post=9513"},{"taxonomy":"product_cat","embeddable":true,"href":"https:\/\/jonglezpublishing.com\/it\/wp-json\/wp\/v2\/product_cat?post=9513"},{"taxonomy":"product_tag","embeddable":true,"href":"https:\/\/jonglezpublishing.com\/it\/wp-json\/wp\/v2\/product_tag?post=9513"}],"curies":[{"name":"wp","href":"https:\/\/api.w.org\/{rel}","templated":true}]}}