{"id":9597,"date":"2021-09-07T12:42:34","date_gmt":"2021-09-07T09:42:35","guid":{"rendered":"https:\/\/jonglezpublishing.com\/?post_type=product&#038;p=9597"},"modified":"2022-02-10T19:24:39","modified_gmt":"2022-02-10T17:24:39","slug":"soul-of-marrakech-guida-alle-30-migliori-esperienze","status":"publish","type":"product","link":"https:\/\/jonglezpublishing.com\/it\/prodotto\/soul-of-marrakech-guida-alle-30-migliori-esperienze\/","title":{"rendered":"SOUL OF MARRAKECH &#8211; GUIDA ALLE 30 MIGLIORI ESPERIENZE"},"content":{"rendered":"<p class=\"p1\" style=\"text-align: center;\"><span class=\"s1\">&#8220;Se ti lasci cadere sotto l&#8217;incantesimo di Marrakech, qualsiasi altra parte del mondo sembrer\u00e0 noiosa&#8221; (Juan Goytisolo, scrittore e poeta spagnolo)<\/span><\/p>\n<p class=\"p1\"><span class=\"s1\">Entra nella biblioteca privata di Yves St Laurent, bevi il miglior succo d&#8217;arancia nella leggendaria piazza Jamaa el-Fna, soggiorna con alcuni rinomati musicisti tradizionali di gnawa, banchetta sulla tagina pi\u00f9 ecologica di Medina, trascorri qualche giorno in un hotel nascosto in un palmeto che \u00e8 anche un raro santuario degli uccelli, scopri il museo segreto dove tutto \u00e8 in vendita \u2026<\/span><\/p>\n<p class=\"p1\"><span class=\"s1\">Gli autori di <\/span><span class=\"s1\">\u201cSoul of Marrakech\u201d<\/span><span class=\"s1\">, Zohar Benjelloun e Fabrice Nadjari, sono appassionati del Marocco. Hanno esplorato ogni angolo dell&#8217;affascinante citt\u00e0 di Marrakech per offrire ai lettori le esperienze pi\u00f9 emozionanti e inaspettate.<\/span><\/p>\n<p>&nbsp;<\/p>\n<p class=\"p1\"><span class=\"s1\">La collana \u201cSoul of\u201d \u00e8 un nuovo approccio all\u2019arte del viaggio, fatto di vagabondaggi, di incontri fortuiti, di esperienze indimenticabili. Guide per coloro che vogliono aprire le porte segrete di una citt\u00e0, catturare il battito del suo cuore, scoprirne gli angoli pi\u00f9 nascosti per arrivare alla sua anima.<\/span><\/p>\n<p>Fondata da Fany Pechiodat (creatrice di My Little Paris), in collaborazione con l\u2019editore Thomas Jonglez, la collezione si arricchisce continuamente di nuove citt\u00e0.<\/p>\n<p>In tutte le guide della collezione \u201cSoul of\u201d troverete:<br \/>\n\u2013 le 30 migliori esperienze che una citt\u00e0 vi offre<br \/>\n\u2013 interviste a coloro che rappresentano lo spirito di questa citt\u00e0<br \/>\n\u2013 illustrazioni che catturano l\u2019anima della citt\u00e0<\/p>\n<p>&nbsp;<\/p>\n<p class=\"p1\"><span class=\"s1\"><b>Autori<\/b>: Zohar Benjelloun e Fabrice Nadjari<br \/>\n<\/span><span class=\"s1\"><b>ISBN<\/b>: <\/span><span class=\"s1\">978-2-36195-465-9<br \/>\n<\/span><span class=\"s1\"><b>Pagine<\/b>: 144<b><br \/>\n<\/b><\/span><span class=\"s1\"><b>Prezzo<\/b>: \u20ac 14,95<br \/>\n<b>Formato<\/b>: 200 x 135 mm<br \/>\n<\/span><span class=\"s1\"><b>Contatto<\/b>: <a href=\"mailto:valerio@edizionijonglez.com?subject=\"><span class=\"s2\">valerio@edizionijonglez.com<\/span><\/a><\/span><\/p>\n<p>&nbsp;<\/p>\n<div class=\"buttons_cont\">\n<div class=\"button_cont\" align=\"center\"><a class=\"gv_product_btn\" href=\"https:\/\/jonglezpublishing.com\/wp-content\/uploads\/2021\/09\/Soul-of-Marrakech_Icover.jpg\" target=\"_blank\" rel=\"noopener noreferrer\">Scarica la copertina<\/a><\/div>\n<div class=\"button_cont\" align=\"center\"><a class=\"gv_product_btn\" href=\"https:\/\/jonglezpublishing.com\/wp-content\/uploads\/2021\/09\/PDF_SO-Marrakech_IT.pdf\" target=\"_blank\" rel=\"noopener noreferrer\">Leggi il PDF<\/a><\/div>\n<div class=\"button_cont\" align=\"center\"><a class=\"gv_product_btn\" href=\"https:\/\/www.amazon.it\/Soul-of-Marrakech-Ediz-italiana\/dp\/2361954737\/ref=sr_1_1?__mk_it_IT=%C3%85M%C3%85%C5%BD%C3%95%C3%91&amp;crid=3O58E3SEQ387N&amp;keywords=soul+of+marrakech&amp;qid=1643784404&amp;sprefix=soul+of+marrakech%2Caps%2C110&amp;sr=8-1\" target=\"_blank\" rel=\"noopener noreferrer\">Compra online<\/a><\/div>\n<\/div>\n","protected":false},"excerpt":{"rendered":"<p>&#8220;Se ti lasci cadere sotto l&#8217;incantesimo di Marrakech, qualsiasi altra parte del mondo sembrer\u00e0 noiosa&#8221; (Juan Goytisolo, scrittore e poeta<\/p>\n","protected":false},"featured_media":9852,"template":"","meta":[],"product_brand":[],"product_cat":[183,523,524,276,464,277],"product_tag":[],"class_list":{"0":"post-9597","1":"product","2":"type-product","3":"status-publish","4":"has-post-thumbnail","6":"product_cat-english-it","7":"product_cat-french-it","8":"product_cat-german-it","9":"product_cat-italian-it","10":"product_cat-laltra-guida","11":"product_cat-spanish-it","13":"first","14":"instock","15":"shipping-taxable","16":"product-type-simple"},"aioseo_notices":[],"_links":{"self":[{"href":"https:\/\/jonglezpublishing.com\/it\/wp-json\/wp\/v2\/product\/9597","targetHints":{"allow":["GET"]}}],"collection":[{"href":"https:\/\/jonglezpublishing.com\/it\/wp-json\/wp\/v2\/product"}],"about":[{"href":"https:\/\/jonglezpublishing.com\/it\/wp-json\/wp\/v2\/types\/product"}],"wp:featuredmedia":[{"embeddable":true,"href":"https:\/\/jonglezpublishing.com\/it\/wp-json\/wp\/v2\/media\/9852"}],"wp:attachment":[{"href":"https:\/\/jonglezpublishing.com\/it\/wp-json\/wp\/v2\/media?parent=9597"}],"wp:term":[{"taxonomy":"product_brand","embeddable":true,"href":"https:\/\/jonglezpublishing.com\/it\/wp-json\/wp\/v2\/product_brand?post=9597"},{"taxonomy":"product_cat","embeddable":true,"href":"https:\/\/jonglezpublishing.com\/it\/wp-json\/wp\/v2\/product_cat?post=9597"},{"taxonomy":"product_tag","embeddable":true,"href":"https:\/\/jonglezpublishing.com\/it\/wp-json\/wp\/v2\/product_tag?post=9597"}],"curies":[{"name":"wp","href":"https:\/\/api.w.org\/{rel}","templated":true}]}}